{"id":2020,"date":"2017-05-16T16:11:47","date_gmt":"2017-05-16T16:11:47","guid":{"rendered":"https:\/\/www.openintl.com\/ambienteWordpress\/casos-de-exito\/cablevision\/"},"modified":"2024-08-21T11:18:34","modified_gmt":"2024-08-21T16:18:34","slug":"cablevision","status":"publish","type":"page","link":"https:\/\/www.openintl.com\/es\/casos-de-exito\/cablevision\/","title":{"rendered":"Cablevisi\u00f3n"},"content":{"rendered":"\t\t<div data-elementor-type=\"wp-page\" data-elementor-id=\"2020\" class=\"elementor elementor-2020 elementor-1990\" data-elementor-post-type=\"page\">\n\t\t\t\t<div class=\"has_eae_slider elementor-element elementor-element-7304518 e-flex e-con-boxed e-con e-parent\" data-eae-slider=\"15978\" data-id=\"7304518\" data-element_type=\"container\" data-settings=\"{&quot;background_background&quot;:&quot;classic&quot;}\">\n\t\t\t\t\t<div class=\"e-con-inner\">\n\t\t<div class=\"has_eae_slider elementor-element elementor-element-775105d e-con-full e-flex e-con e-child\" data-eae-slider=\"1622\" data-id=\"775105d\" data-element_type=\"container\">\n\t\t<div class=\"has_eae_slider elementor-element elementor-element-b262376 e-con-full e-flex e-con e-child\" data-eae-slider=\"36161\" data-id=\"b262376\" data-element_type=\"container\">\n\t\t\t\t<div class=\"elementor-element elementor-element-4ec0f91 elementor-widget elementor-widget-image\" data-id=\"4ec0f91\" data-element_type=\"widget\" data-widget_type=\"image.default\">\n\t\t\t\t<div class=\"elementor-widget-container\">\n\t\t\t\t\t\t\t\t\t\t\t\t\t\t\t<img fetchpriority=\"high\" decoding=\"async\" width=\"1024\" height=\"449\" src=\"https:\/\/www.openintl.com\/wp-content\/uploads\/2020\/10\/cablevision-logo-1024x449.png\" class=\"attachment-large size-large wp-image-17645\" alt=\"\" srcset=\"https:\/\/www.openintl.com\/wp-content\/uploads\/2020\/10\/cablevision-logo-1024x449.png 1024w, https:\/\/www.openintl.com\/wp-content\/uploads\/2020\/10\/cablevision-logo-300x132.png 300w, https:\/\/www.openintl.com\/wp-content\/uploads\/2020\/10\/cablevision-logo-768x337.png 768w, https:\/\/www.openintl.com\/wp-content\/uploads\/2020\/10\/cablevision-logo-1536x674.png 1536w, https:\/\/www.openintl.com\/wp-content\/uploads\/2020\/10\/cablevision-logo.png 1564w\" sizes=\"(max-width: 1024px) 100vw, 1024px\" \/>\t\t\t\t\t\t\t\t\t\t\t\t\t\t\t<\/div>\n\t\t\t\t<\/div>\n\t\t\t\t<\/div>\n\t\t<div class=\"has_eae_slider elementor-element elementor-element-a7f5d42 e-con-full e-flex e-con e-child\" data-eae-slider=\"39490\" data-id=\"a7f5d42\" data-element_type=\"container\">\n\t\t\t\t<div class=\"elementor-element elementor-element-26ba7b0 elementor-widget-divider--view-line elementor-widget elementor-widget-divider\" data-id=\"26ba7b0\" data-element_type=\"widget\" data-widget_type=\"divider.default\">\n\t\t\t\t<div class=\"elementor-widget-container\">\n\t\t\t\t\t\t\t<div class=\"elementor-divider\">\n\t\t\t<span class=\"elementor-divider-separator\">\n\t\t\t\t\t\t<\/span>\n\t\t<\/div>\n\t\t\t\t\t\t<\/div>\n\t\t\t\t<\/div>\n\t\t\t\t<div class=\"elementor-element elementor-element-69737a0 elementor-widget elementor-widget-text-editor\" data-id=\"69737a0\" data-element_type=\"widget\" data-widget_type=\"text-editor.default\">\n\t\t\t\t<div class=\"elementor-widget-container\">\n\t\t\t\t\t\t\t\t\tsimplifica sus operaciones mediante su premiada implementaci\u00f3n de Smartflex\n\t\t\t\t\t\t\t\t<\/div>\n\t\t\t\t<\/div>\n\t\t\t\t<\/div>\n\t\t\t\t<\/div>\n\t\t<div class=\"has_eae_slider elementor-element elementor-element-6b2f220 e-con-full e-flex e-con e-child\" data-eae-slider=\"21524\" data-id=\"6b2f220\" data-element_type=\"container\">\n\t\t<div class=\"has_eae_slider elementor-element elementor-element-b4a6032 e-con-full e-flex e-con e-child\" data-eae-slider=\"44420\" data-id=\"b4a6032\" data-element_type=\"container\">\n\t\t\t\t<div class=\"elementor-element elementor-element-4b40632 elementor-widget elementor-widget-heading\" data-id=\"4b40632\" data-element_type=\"widget\" data-widget_type=\"heading.default\">\n\t\t\t\t<div class=\"elementor-widget-container\">\n\t\t\t\t\t<h3 class=\"elementor-heading-title elementor-size-default\">CLIENTE<\/h3>\t\t\t\t<\/div>\n\t\t\t\t<\/div>\n\t\t\t\t<div class=\"elementor-element elementor-element-97d47d0 elementor-widget elementor-widget-text-editor\" data-id=\"97d47d0\" data-element_type=\"widget\" data-widget_type=\"text-editor.default\">\n\t\t\t\t<div class=\"elementor-widget-container\">\n\t\t\t\t\t\t\t\t\tCablevisi\u00f3n es una de las empresas de telecomunicaciones m\u00e1s importantes en Am\u00e9rica Latina. Cerca de 10.000 personas trabajan para atender m\u00e1s de 3.4 millones de hogares abonados a servicios de televisi\u00f3n, m\u00e1s de 1.5 millones de clientes de internet y un total de 6 millones de servicios suscritos en territorio Argentino y Uruguayo.\t\t\t\t\t\t\t\t<\/div>\n\t\t\t\t<\/div>\n\t\t\t\t<\/div>\n\t\t<div class=\"has_eae_slider elementor-element elementor-element-90db74c e-con-full e-flex e-con e-child\" data-eae-slider=\"58474\" data-id=\"90db74c\" data-element_type=\"container\">\n\t\t\t\t<div class=\"elementor-element elementor-element-afc0970 elementor-widget elementor-widget-heading\" data-id=\"afc0970\" data-element_type=\"widget\" data-widget_type=\"heading.default\">\n\t\t\t\t<div class=\"elementor-widget-container\">\n\t\t\t\t\t<h3 class=\"elementor-heading-title elementor-size-default\">RETO<\/h3>\t\t\t\t<\/div>\n\t\t\t\t<\/div>\n\t\t\t\t<div class=\"elementor-element elementor-element-61c76f7 elementor-widget elementor-widget-text-editor\" data-id=\"61c76f7\" data-element_type=\"widget\" data-widget_type=\"text-editor.default\">\n\t\t\t\t<div class=\"elementor-widget-container\">\n\t\t\t\t\t\t\t\t\tCablevisi\u00f3n necesitaba mejorar y simplificar su plataforma tecnol\u00f3gica, que les permitiera reducir el time-to-market de nuevos planes y servicios, y aumentar su flexibilidad para crear ofertas innovadoras en el portafolio de productos, mejorar su productividad en los trabajos de campo y maximizar el valor hacia sus clientes finales.\t\t\t\t\t\t\t\t<\/div>\n\t\t\t\t<\/div>\n\t\t\t\t<\/div>\n\t\t<div class=\"has_eae_slider elementor-element elementor-element-77877d6 e-con-full e-flex e-con e-child\" data-eae-slider=\"68889\" data-id=\"77877d6\" data-element_type=\"container\">\n\t\t\t\t<div class=\"elementor-element elementor-element-c406a9b elementor-widget elementor-widget-heading\" data-id=\"c406a9b\" data-element_type=\"widget\" data-widget_type=\"heading.default\">\n\t\t\t\t<div class=\"elementor-widget-container\">\n\t\t\t\t\t<h3 class=\"elementor-heading-title elementor-size-default\">SOLUCI\u00d3N<\/h3>\t\t\t\t<\/div>\n\t\t\t\t<\/div>\n\t\t\t\t<div class=\"elementor-element elementor-element-50b7136 elementor-widget elementor-widget-text-editor\" data-id=\"50b7136\" data-element_type=\"widget\" data-widget_type=\"text-editor.default\">\n\t\t\t\t<div class=\"elementor-widget-container\">\n\t\t\t\t\t\t\t\t\tCablevisi\u00f3n seleccion\u00f3 Smartflex para mejorar y simplificar su plataforma tecnol\u00f3gica y soportar todas sus l\u00edneas de negocio, cubriendo de manera integral todos sus procesos cr\u00edticos, tales como: atenci\u00f3n al cliente, ventas, aprovisionamiento, mediaci\u00f3n, facturaci\u00f3n y recaudos.\t\t\t\t\t\t\t\t<\/div>\n\t\t\t\t<\/div>\n\t\t\t\t<\/div>\n\t\t<div class=\"has_eae_slider elementor-element elementor-element-7d2a232 e-con-full e-flex e-con e-child\" data-eae-slider=\"65874\" data-id=\"7d2a232\" data-element_type=\"container\">\n\t\t\t\t<div class=\"elementor-element elementor-element-aef9d58 elementor-widget elementor-widget-heading\" data-id=\"aef9d58\" data-element_type=\"widget\" data-widget_type=\"heading.default\">\n\t\t\t\t<div class=\"elementor-widget-container\">\n\t\t\t\t\t<h3 class=\"elementor-heading-title elementor-size-default\">BENEFICIOS<\/h3>\t\t\t\t<\/div>\n\t\t\t\t<\/div>\n\t\t\t\t<div class=\"elementor-element elementor-element-180db48 elementor-widget elementor-widget-text-editor\" data-id=\"180db48\" data-element_type=\"widget\" data-widget_type=\"text-editor.default\">\n\t\t\t\t<div class=\"elementor-widget-container\">\n\t\t\t\t\t\t\t\t\tGracias a Smartflex, hoy Cablevisi\u00f3n opera sus servicios sobre una sola plataforma integrada que cubre de manera integral todos los procesos cr\u00edticos de su negocio, y que le ha permitido incrementar sus ventas soportando su crecimiento.\t\t\t\t\t\t\t\t<\/div>\n\t\t\t\t<\/div>\n\t\t\t\t<\/div>\n\t\t\t\t<\/div>\n\t\t<div class=\"has_eae_slider elementor-element elementor-element-dd40624 e-con-full e-flex e-con e-child\" data-eae-slider=\"54562\" data-id=\"dd40624\" data-element_type=\"container\">\n\t\t<div class=\"has_eae_slider elementor-element elementor-element-1ec663f e-con-full e-flex e-con e-child\" data-eae-slider=\"73529\" data-id=\"1ec663f\" data-element_type=\"container\">\n\t\t\t\t<div class=\"elementor-element elementor-element-8291c4f elementor-blockquote--skin-clean elementor-blockquote--align-center elementor-widget elementor-widget-blockquote\" data-id=\"8291c4f\" data-element_type=\"widget\" data-widget_type=\"blockquote.default\">\n\t\t\t\t<div class=\"elementor-widget-container\">\n\t\t\t\t\t\t\t<blockquote class=\"elementor-blockquote\">\n\t\t\t<p class=\"elementor-blockquote__content\">\n\t\t\t\tCon esta soluci\u00f3n, Cablevisi\u00f3n tiene la flexibilidad necesaria para reducir el time-to-market y empaquetar servicios y productos con el objetivo de tener ofertas m\u00e1s atractivas y ayudar a incrementar la productividad de la fuerza de trabajo de campo.\t\t\t<\/p>\n\t\t\t\t\t<\/blockquote>\n\t\t\t\t\t\t<\/div>\n\t\t\t\t<\/div>\n\t\t\t\t<div class=\"elementor-element elementor-element-8b1cad8 elementor-widget elementor-widget-text-editor\" data-id=\"8b1cad8\" data-element_type=\"widget\" data-widget_type=\"text-editor.default\">\n\t\t\t\t<div class=\"elementor-widget-container\">\n\t\t\t\t\t\t\t\t\tCablevisi\u00f3n y Smartflex fueron finalistas en los premios <strong>TM Forum Awards 2013<\/strong>, en Excelencia Operacional\t\t\t\t\t\t\t\t<\/div>\n\t\t\t\t<\/div>\n\t\t\t\t<\/div>\n\t\t\t\t<\/div>\n\t\t\t\t\t<\/div>\n\t\t\t\t<\/div>\n\t\t<div class=\"has_eae_slider elementor-element elementor-element-a854677 e-flex e-con-boxed e-con e-parent\" data-eae-slider=\"73515\" data-id=\"a854677\" data-element_type=\"container\">\n\t\t\t\t\t<div class=\"e-con-inner\">\n\t\t\t\t<div class=\"elementor-element elementor-element-86ad43c elementor-widget elementor-widget-heading\" data-id=\"86ad43c\" data-element_type=\"widget\" data-widget_type=\"heading.default\">\n\t\t\t\t<div class=\"elementor-widget-container\">\n\t\t\t\t\t<h1 class=\"elementor-heading-title elementor-size-default\">La historia de Cablevisi\u00f3n<\/h1>\t\t\t\t<\/div>\n\t\t\t\t<\/div>\n\t\t\t\t<div class=\"elementor-element elementor-element-3d2a03f elementor-widget elementor-widget-text-editor\" data-id=\"3d2a03f\" data-element_type=\"widget\" data-widget_type=\"text-editor.default\">\n\t\t\t\t<div class=\"elementor-widget-container\">\n\t\t\t\t\t\t\t\t\t<p>Hasta el 2011, Cablevisi\u00f3n ten\u00eda una arquitectura de sistemas compuesta por soluciones de mercado para soportar sus procesos de CRM, sistemas hechos en casa que se encargaban de la facturaci\u00f3n de los servicios de televisi\u00f3n y soluciones personalizadas para atender procesos de trabajo de campo comerciales y de redes. Estos sistemas legados no soportaban todos los servicios de telefon\u00eda e internet, lo cual alejaba la posibilidad de una operaci\u00f3n convergente de servicios doble y triple-play.<\/p><p>Surge entonces la necesidad de mejorar y simplificar su plataforma tecnol\u00f3gica y para lograrlo Cablevisi\u00f3n decide adquirir Smartflex, la soluci\u00f3n de Open Intelligence que soporta integralmente los procesos de CRM, Billing, Workforce Management y Servicio T\u00e9cnico, gracias a una arquitectura homog\u00e9nea y con un alto nivel de flexibilidad gracias a su tecnolog\u00eda orientada a reglas de negocio.<\/p><p>El proyecto Open Intelligence-Cablevisi\u00f3n comenz\u00f3 modelando procesos de negocio, utilizando est\u00e1ndares de TM Forum como referencia. Su implantaci\u00f3n dur\u00f3 11 meses y para finales del 2012, el sistema ya estaba totalmente desplegado soportando m\u00e1s de 5.500 usuarios.<\/p><p>Una de las funcionalidades m\u00e1s innovadoras que adquiri\u00f3 Cablevisi\u00f3n fue la gesti\u00f3n de fuerza de trabajo de Smartflex, que hoy soporta la aplicaci\u00f3n de Mobile de Cablevisi\u00f3n, con la cual esta maneja m\u00e1s de 3.000 t\u00e9cnicos con m\u00f3viles en el campo. El sistema permite confirmar las \u00f3rdenes de trabajo, dar informes sobre el servicio en tiempo real y realizar actualizaciones de inventario, en l\u00ednea directa con la base de datos de la compa\u00f1\u00eda.<\/p><p>Con esta soluci\u00f3n, Cablevisi\u00f3n tiene la flexibilidad necesaria para reducir el time-to-market y empaquetar servicios y productos con el objetivo de tener ofertas m\u00e1s atractivas y ayudar a incrementar la productividad de la fuerza de trabajo de campo.<\/p><p>Con este proyecto, Cablevisi\u00f3n y Smartflex fueron finalistas en los premios TM Forum Awards 2013, en Excelencia Operacional, categor\u00eda que premia al proveedor de servicios de telecomunicaciones que demuestra el uso m\u00e1s efectivo y novedoso de los est\u00e1ndares mundiales del TM Forum. As\u00ed mismo, Cablevisi\u00f3n fue el Ganador en \u201cWireless Achievement Award\u201d en la categor\u00eda \u201cInnovation In Private Sector\u201d de RIM, que reconoce a las organizaciones que han implementado nuevas soluciones inal\u00e1mbricas innovadoras para impulsar la productividad del negocio.<\/p>\t\t\t\t\t\t\t\t<\/div>\n\t\t\t\t<\/div>\n\t\t\t\t\t<\/div>\n\t\t\t\t<\/div>\n\t\t<div class=\"has_eae_slider elementor-element elementor-element-1810807 e-con-full e-flex e-con e-parent\" data-eae-slider=\"65009\" data-id=\"1810807\" data-element_type=\"container\">\n\t\t\t\t<div class=\"elementor-element elementor-element-3592c2c elementor-widget elementor-widget-template\" data-id=\"3592c2c\" data-element_type=\"widget\" data-widget_type=\"template.default\">\n\t\t\t\t<div class=\"elementor-widget-container\">\n\t\t\t\t\t\t\t<div class=\"elementor-template\">\n\t\t\t\t\t<div data-elementor-type=\"single-page\" data-elementor-id=\"36810\" class=\"elementor elementor-36810 elementor-37142\" data-elementor-post-type=\"elementor_library\">\n\t\t\t<div class=\"has_eae_slider elementor-element elementor-element-7822691 e-flex e-con-boxed e-con e-parent\" data-eae-slider=\"2947\" data-id=\"7822691\" data-element_type=\"container\">\n\t\t\t\t\t<div class=\"e-con-inner\">\n\t\t<div class=\"has_eae_slider elementor-element elementor-element-1a0513b e-con-full e-flex e-con e-child\" data-eae-slider=\"80350\" data-id=\"1a0513b\" data-element_type=\"container\" data-settings=\"{&quot;background_background&quot;:&quot;classic&quot;}\">\n\t\t\t\t<div class=\"elementor-element elementor-element-18e31af elementor-widget elementor-widget-heading\" data-id=\"18e31af\" data-element_type=\"widget\" data-widget_type=\"heading.default\">\n\t\t\t\t<div class=\"elementor-widget-container\">\n\t\t\t\t\t<h3 class=\"elementor-heading-title elementor-size-default\">Transforma tu negocio con una plataforma robusta y flexible dise\u00f1ada para tus necesidades, que te permite enfocarte en brindar servicios esenciales de energ\u00eda, gas o agua.<\/h3>\t\t\t\t<\/div>\n\t\t\t\t<\/div>\n\t\t\t\t<div class=\"elementor-element elementor-element-f3a2c5f elementor-align-center elementor-invisible elementor-widget elementor-widget-button\" data-id=\"f3a2c5f\" data-element_type=\"widget\" data-settings=\"{&quot;_animation&quot;:&quot;pulse&quot;}\" data-widget_type=\"button.default\">\n\t\t\t\t<div class=\"elementor-widget-container\">\n\t\t\t\t\t\t\t\t\t<div class=\"elementor-button-wrapper\">\n\t\t\t\t\t<a class=\"elementor-button elementor-button-link elementor-size-sm\" href=\"https:\/\/app.openintl.com\/es\/demo\">\n\t\t\t\t\t\t<span class=\"elementor-button-content-wrapper\">\n\t\t\t\t\t\t\t\t\t<span class=\"elementor-button-text\">VER DEMO<\/span>\n\t\t\t\t\t<\/span>\n\t\t\t\t\t<\/a>\n\t\t\t\t<\/div>\n\t\t\t\t\t\t\t\t<\/div>\n\t\t\t\t<\/div>\n\t\t\t\t<\/div>\n\t\t\t\t\t<\/div>\n\t\t\t\t<\/div>\n\t\t\t\t<\/div>\n\t\t\t\t<\/div>\n\t\t\t\t\t\t<\/div>\n\t\t\t\t<\/div>\n\t\t\t\t<\/div>\n\t\t\t\t<\/div>\n\t\t","protected":false},"excerpt":{"rendered":"","protected":false},"author":9,"featured_media":0,"parent":4653,"menu_order":0,"comment_status":"closed","ping_status":"closed","template":"","meta":{"_acf_changed":false,"footnotes":""},"class_list":["post-2020","page","type-page","status-publish"],"acf":[],"yoast_head":"<!-- This site is optimized with the Yoast SEO Premium plugin v23.4 (Yoast SEO v26.7) - https:\/\/yoast.com\/wordpress\/plugins\/seo\/ -->\n<title>Cablevisi\u00f3n | Open Intelligence<\/title>\n<meta name=\"robots\" content=\"index, follow, max-snippet:-1, max-image-preview:large, max-video-preview:-1\" \/>\n<link rel=\"canonical\" href=\"https:\/\/www.openintl.com\/es\/casos-de-exito\/cablevision\/\" \/>\n<meta property=\"og:locale\" content=\"es_ES\" \/>\n<meta property=\"og:type\" content=\"article\" \/>\n<meta property=\"og:title\" content=\"Cablevisi\u00f3n\" \/>\n<meta property=\"og:url\" content=\"https:\/\/www.openintl.com\/es\/casos-de-exito\/cablevision\/\" \/>\n<meta property=\"og:site_name\" content=\"Open Intelligence\" \/>\n<meta property=\"article:publisher\" content=\"https:\/\/www.facebook.com\/OpenSmartflex\/\" \/>\n<meta property=\"article:modified_time\" content=\"2024-08-21T16:18:34+00:00\" \/>\n<meta property=\"og:image\" content=\"https:\/\/www.openintl.com\/wp-content\/uploads\/2020\/10\/cablevision-logo-1024x449.png\" \/>\n<meta name=\"twitter:card\" content=\"summary_large_image\" \/>\n<meta name=\"twitter:site\" content=\"@opensmartflex\" \/>\n<meta name=\"twitter:label1\" content=\"Tiempo de lectura\" \/>\n\t<meta name=\"twitter:data1\" content=\"3 minutos\" \/>\n<script type=\"application\/ld+json\" class=\"yoast-schema-graph\">{\"@context\":\"https:\/\/schema.org\",\"@graph\":[{\"@type\":\"WebPage\",\"@id\":\"https:\/\/www.openintl.com\/es\/casos-de-exito\/cablevision\/\",\"url\":\"https:\/\/www.openintl.com\/es\/casos-de-exito\/cablevision\/\",\"name\":\"Cablevisi\u00f3n | Open Intelligence\",\"isPartOf\":{\"@id\":\"\/#website\"},\"primaryImageOfPage\":{\"@id\":\"https:\/\/www.openintl.com\/es\/casos-de-exito\/cablevision\/#primaryimage\"},\"image\":{\"@id\":\"https:\/\/www.openintl.com\/es\/casos-de-exito\/cablevision\/#primaryimage\"},\"thumbnailUrl\":\"https:\/\/www.openintl.com\/wp-content\/uploads\/2020\/10\/cablevision-logo-1024x449.png\",\"datePublished\":\"2017-05-16T16:11:47+00:00\",\"dateModified\":\"2024-08-21T16:18:34+00:00\",\"breadcrumb\":{\"@id\":\"https:\/\/www.openintl.com\/es\/casos-de-exito\/cablevision\/#breadcrumb\"},\"inLanguage\":\"es\",\"potentialAction\":[{\"@type\":\"ReadAction\",\"target\":[\"https:\/\/www.openintl.com\/es\/casos-de-exito\/cablevision\/\"]}]},{\"@type\":\"ImageObject\",\"inLanguage\":\"es\",\"@id\":\"https:\/\/www.openintl.com\/es\/casos-de-exito\/cablevision\/#primaryimage\",\"url\":\"https:\/\/www.openintl.com\/wp-content\/uploads\/2020\/10\/cablevision-logo-1024x449.png\",\"contentUrl\":\"https:\/\/www.openintl.com\/wp-content\/uploads\/2020\/10\/cablevision-logo-1024x449.png\"},{\"@type\":\"BreadcrumbList\",\"@id\":\"https:\/\/www.openintl.com\/es\/casos-de-exito\/cablevision\/#breadcrumb\",\"itemListElement\":[{\"@type\":\"ListItem\",\"position\":1,\"name\":\"Home\",\"item\":\"https:\/\/www.openintl.com\/es\/\"},{\"@type\":\"ListItem\",\"position\":2,\"name\":\"Casos de \u00c9xito\",\"item\":\"https:\/\/www.openintl.com\/es\/casos-de-exito\/\"},{\"@type\":\"ListItem\",\"position\":3,\"name\":\"Cablevisi\u00f3n\"}]},{\"@type\":\"WebSite\",\"@id\":\"\/#website\",\"url\":\"\/\",\"name\":\"Open Intelligence\",\"description\":\"Software for utility companies\",\"publisher\":{\"@id\":\"\/#organization\"},\"alternateName\":\"Open\",\"potentialAction\":[{\"@type\":\"SearchAction\",\"target\":{\"@type\":\"EntryPoint\",\"urlTemplate\":\"\/?s={search_term_string}\"},\"query-input\":{\"@type\":\"PropertyValueSpecification\",\"valueRequired\":true,\"valueName\":\"search_term_string\"}}],\"inLanguage\":\"es\"},{\"@type\":\"Organization\",\"@id\":\"\/#organization\",\"name\":\"Open Intelligence\",\"url\":\"\/\",\"logo\":{\"@type\":\"ImageObject\",\"inLanguage\":\"es\",\"@id\":\"\/#\/schema\/logo\/image\/\",\"url\":\"https:\/\/www.openintl.com\/wp-content\/uploads\/2022\/09\/cropped-color-open-intelligence-logo-1.png\",\"contentUrl\":\"https:\/\/www.openintl.com\/wp-content\/uploads\/2022\/09\/cropped-color-open-intelligence-logo-1.png\",\"width\":974,\"height\":378,\"caption\":\"Open Intelligence\"},\"image\":{\"@id\":\"\/#\/schema\/logo\/image\/\"},\"sameAs\":[\"https:\/\/www.facebook.com\/OpenSmartflex\/\",\"https:\/\/x.com\/opensmartflex\",\"https:\/\/www.linkedin.com\/company\/weareopenintelligence\",\"https:\/\/www.youtube.com\/channel\/UCHpHSdiqVTs0OvdEYJxCqiQ\"]}]}<\/script>\n<!-- \/ Yoast SEO Premium plugin. -->","yoast_head_json":{"title":"Cablevisi\u00f3n | Open Intelligence","robots":{"index":"index","follow":"follow","max-snippet":"max-snippet:-1","max-image-preview":"max-image-preview:large","max-video-preview":"max-video-preview:-1"},"canonical":"https:\/\/www.openintl.com\/es\/casos-de-exito\/cablevision\/","og_locale":"es_ES","og_type":"article","og_title":"Cablevisi\u00f3n","og_url":"https:\/\/www.openintl.com\/es\/casos-de-exito\/cablevision\/","og_site_name":"Open Intelligence","article_publisher":"https:\/\/www.facebook.com\/OpenSmartflex\/","article_modified_time":"2024-08-21T16:18:34+00:00","og_image":[{"url":"https:\/\/www.openintl.com\/wp-content\/uploads\/2020\/10\/cablevision-logo-1024x449.png","type":"","width":"","height":""}],"twitter_card":"summary_large_image","twitter_site":"@opensmartflex","twitter_misc":{"Tiempo de lectura":"3 minutos"},"schema":{"@context":"https:\/\/schema.org","@graph":[{"@type":"WebPage","@id":"https:\/\/www.openintl.com\/es\/casos-de-exito\/cablevision\/","url":"https:\/\/www.openintl.com\/es\/casos-de-exito\/cablevision\/","name":"Cablevisi\u00f3n | Open Intelligence","isPartOf":{"@id":"\/#website"},"primaryImageOfPage":{"@id":"https:\/\/www.openintl.com\/es\/casos-de-exito\/cablevision\/#primaryimage"},"image":{"@id":"https:\/\/www.openintl.com\/es\/casos-de-exito\/cablevision\/#primaryimage"},"thumbnailUrl":"https:\/\/www.openintl.com\/wp-content\/uploads\/2020\/10\/cablevision-logo-1024x449.png","datePublished":"2017-05-16T16:11:47+00:00","dateModified":"2024-08-21T16:18:34+00:00","breadcrumb":{"@id":"https:\/\/www.openintl.com\/es\/casos-de-exito\/cablevision\/#breadcrumb"},"inLanguage":"es","potentialAction":[{"@type":"ReadAction","target":["https:\/\/www.openintl.com\/es\/casos-de-exito\/cablevision\/"]}]},{"@type":"ImageObject","inLanguage":"es","@id":"https:\/\/www.openintl.com\/es\/casos-de-exito\/cablevision\/#primaryimage","url":"https:\/\/www.openintl.com\/wp-content\/uploads\/2020\/10\/cablevision-logo-1024x449.png","contentUrl":"https:\/\/www.openintl.com\/wp-content\/uploads\/2020\/10\/cablevision-logo-1024x449.png"},{"@type":"BreadcrumbList","@id":"https:\/\/www.openintl.com\/es\/casos-de-exito\/cablevision\/#breadcrumb","itemListElement":[{"@type":"ListItem","position":1,"name":"Home","item":"https:\/\/www.openintl.com\/es\/"},{"@type":"ListItem","position":2,"name":"Casos de \u00c9xito","item":"https:\/\/www.openintl.com\/es\/casos-de-exito\/"},{"@type":"ListItem","position":3,"name":"Cablevisi\u00f3n"}]},{"@type":"WebSite","@id":"\/#website","url":"\/","name":"Open Intelligence","description":"Software for utility companies","publisher":{"@id":"\/#organization"},"alternateName":"Open","potentialAction":[{"@type":"SearchAction","target":{"@type":"EntryPoint","urlTemplate":"\/?s={search_term_string}"},"query-input":{"@type":"PropertyValueSpecification","valueRequired":true,"valueName":"search_term_string"}}],"inLanguage":"es"},{"@type":"Organization","@id":"\/#organization","name":"Open Intelligence","url":"\/","logo":{"@type":"ImageObject","inLanguage":"es","@id":"\/#\/schema\/logo\/image\/","url":"https:\/\/www.openintl.com\/wp-content\/uploads\/2022\/09\/cropped-color-open-intelligence-logo-1.png","contentUrl":"https:\/\/www.openintl.com\/wp-content\/uploads\/2022\/09\/cropped-color-open-intelligence-logo-1.png","width":974,"height":378,"caption":"Open Intelligence"},"image":{"@id":"\/#\/schema\/logo\/image\/"},"sameAs":["https:\/\/www.facebook.com\/OpenSmartflex\/","https:\/\/x.com\/opensmartflex","https:\/\/www.linkedin.com\/company\/weareopenintelligence","https:\/\/www.youtube.com\/channel\/UCHpHSdiqVTs0OvdEYJxCqiQ"]}]}},"_links":{"self":[{"href":"https:\/\/www.openintl.com\/es\/wp-json\/wp\/v2\/pages\/2020","targetHints":{"allow":["GET"]}}],"collection":[{"href":"https:\/\/www.openintl.com\/es\/wp-json\/wp\/v2\/pages"}],"about":[{"href":"https:\/\/www.openintl.com\/es\/wp-json\/wp\/v2\/types\/page"}],"author":[{"embeddable":true,"href":"https:\/\/www.openintl.com\/es\/wp-json\/wp\/v2\/users\/9"}],"replies":[{"embeddable":true,"href":"https:\/\/www.openintl.com\/es\/wp-json\/wp\/v2\/comments?post=2020"}],"version-history":[{"count":2,"href":"https:\/\/www.openintl.com\/es\/wp-json\/wp\/v2\/pages\/2020\/revisions"}],"predecessor-version":[{"id":37698,"href":"https:\/\/www.openintl.com\/es\/wp-json\/wp\/v2\/pages\/2020\/revisions\/37698"}],"up":[{"embeddable":true,"href":"https:\/\/www.openintl.com\/es\/wp-json\/wp\/v2\/pages\/4653"}],"wp:attachment":[{"href":"https:\/\/www.openintl.com\/es\/wp-json\/wp\/v2\/media?parent=2020"}],"curies":[{"name":"wp","href":"https:\/\/api.w.org\/{rel}","templated":true}]}}