{"id":2021,"date":"2017-05-16T16:14:16","date_gmt":"2017-05-16T16:14:16","guid":{"rendered":"https:\/\/www.openintl.com\/ambienteWordpress\/casos-de-exito\/claro-centroamerica\/"},"modified":"2024-08-21T11:39:16","modified_gmt":"2024-08-21T16:39:16","slug":"claro-centroamerica","status":"publish","type":"page","link":"https:\/\/www.openintl.com\/es\/casos-de-exito\/claro-centroamerica\/","title":{"rendered":"Claro Centroam\u00e9rica"},"content":{"rendered":"\t\t<div data-elementor-type=\"wp-page\" data-elementor-id=\"2021\" class=\"elementor elementor-2021 elementor-1994\" data-elementor-post-type=\"page\">\n\t\t\t\t<div class=\"has_eae_slider elementor-element elementor-element-417139e e-flex e-con-boxed e-con e-parent\" data-eae-slider=\"76957\" data-id=\"417139e\" data-element_type=\"container\" data-settings=\"{&quot;background_background&quot;:&quot;classic&quot;}\">\n\t\t\t\t\t<div class=\"e-con-inner\">\n\t\t<div class=\"has_eae_slider elementor-element elementor-element-0adc2f3 e-con-full e-flex e-con e-child\" data-eae-slider=\"43985\" data-id=\"0adc2f3\" data-element_type=\"container\">\n\t\t<div class=\"has_eae_slider elementor-element elementor-element-7785d67 e-con-full e-flex e-con e-child\" data-eae-slider=\"74391\" data-id=\"7785d67\" data-element_type=\"container\">\n\t\t\t\t<div class=\"elementor-element elementor-element-1ef66e2 elementor-widget elementor-widget-image\" data-id=\"1ef66e2\" data-element_type=\"widget\" data-widget_type=\"image.default\">\n\t\t\t\t<div class=\"elementor-widget-container\">\n\t\t\t\t\t\t\t\t\t\t\t\t\t\t\t<img fetchpriority=\"high\" decoding=\"async\" width=\"487\" height=\"176\" src=\"https:\/\/www.openintl.com\/wp-content\/uploads\/2020\/10\/claro-logo.png\" class=\"attachment-large size-large wp-image-17651\" alt=\"\" srcset=\"https:\/\/www.openintl.com\/wp-content\/uploads\/2020\/10\/claro-logo.png 487w, https:\/\/www.openintl.com\/wp-content\/uploads\/2020\/10\/claro-logo-300x108.png 300w\" sizes=\"(max-width: 487px) 100vw, 487px\" \/>\t\t\t\t\t\t\t\t\t\t\t\t\t\t\t<\/div>\n\t\t\t\t<\/div>\n\t\t\t\t<\/div>\n\t\t<div class=\"has_eae_slider elementor-element elementor-element-8475922 e-con-full e-flex e-con e-child\" data-eae-slider=\"87761\" data-id=\"8475922\" data-element_type=\"container\">\n\t\t\t\t<div class=\"elementor-element elementor-element-e366530 elementor-widget-divider--view-line elementor-widget elementor-widget-divider\" data-id=\"e366530\" data-element_type=\"widget\" data-widget_type=\"divider.default\">\n\t\t\t\t<div class=\"elementor-widget-container\">\n\t\t\t\t\t\t\t<div class=\"elementor-divider\">\n\t\t\t<span class=\"elementor-divider-separator\">\n\t\t\t\t\t\t<\/span>\n\t\t<\/div>\n\t\t\t\t\t\t<\/div>\n\t\t\t\t<\/div>\n\t\t\t\t<div class=\"elementor-element elementor-element-01ddec4 elementor-widget elementor-widget-text-editor\" data-id=\"01ddec4\" data-element_type=\"widget\" data-widget_type=\"text-editor.default\">\n\t\t\t\t<div class=\"elementor-widget-container\">\n\t\t\t\t\t\t\t\t\tModele nuevos procesos y servicios a altas velocidades con Smartflex\t\t\t\t\t\t\t\t<\/div>\n\t\t\t\t<\/div>\n\t\t\t\t<\/div>\n\t\t\t\t<\/div>\n\t\t<div class=\"has_eae_slider elementor-element elementor-element-9df78c6 e-con-full e-flex e-con e-child\" data-eae-slider=\"80045\" data-id=\"9df78c6\" data-element_type=\"container\">\n\t\t<div class=\"has_eae_slider elementor-element elementor-element-a92890f e-con-full e-flex e-con e-child\" data-eae-slider=\"60597\" data-id=\"a92890f\" data-element_type=\"container\">\n\t\t\t\t<div class=\"elementor-element elementor-element-38ae9c1 elementor-widget elementor-widget-heading\" data-id=\"38ae9c1\" data-element_type=\"widget\" data-widget_type=\"heading.default\">\n\t\t\t\t<div class=\"elementor-widget-container\">\n\t\t\t\t\t<h3 class=\"elementor-heading-title elementor-size-default\">CLIENTE<\/h3>\t\t\t\t<\/div>\n\t\t\t\t<\/div>\n\t\t\t\t<div class=\"elementor-element elementor-element-97223e2 elementor-widget elementor-widget-text-editor\" data-id=\"97223e2\" data-element_type=\"widget\" data-widget_type=\"text-editor.default\">\n\t\t\t\t<div class=\"elementor-widget-container\">\n\t\t\t\t\t\t\t\t\tClaro es una subsidiaria de Am\u00e9rica M\u00f3vil, proveedor l\u00edder de servicios de telecomunicaciones, con operaciones en Estados Unidos, Am\u00e9rica Latina y Europa.\t\t\t\t\t\t\t\t<\/div>\n\t\t\t\t<\/div>\n\t\t\t\t<\/div>\n\t\t<div class=\"has_eae_slider elementor-element elementor-element-9149601 e-con-full e-flex e-con e-child\" data-eae-slider=\"8887\" data-id=\"9149601\" data-element_type=\"container\">\n\t\t\t\t<div class=\"elementor-element elementor-element-87d8636 elementor-widget elementor-widget-heading\" data-id=\"87d8636\" data-element_type=\"widget\" data-widget_type=\"heading.default\">\n\t\t\t\t<div class=\"elementor-widget-container\">\n\t\t\t\t\t<h3 class=\"elementor-heading-title elementor-size-default\">RETO<\/h3>\t\t\t\t<\/div>\n\t\t\t\t<\/div>\n\t\t\t\t<div class=\"elementor-element elementor-element-e48528b elementor-widget elementor-widget-text-editor\" data-id=\"e48528b\" data-element_type=\"widget\" data-widget_type=\"text-editor.default\">\n\t\t\t\t<div class=\"elementor-widget-container\">\n\t\t\t\t\t\t\t\t\tClaro necesitaba una soluci\u00f3n tecnol\u00f3gica para soportar todas las operaciones que estaba adquiriendo en Centroam\u00e9rica y poder estandarizar sus pr\u00e1cticas de negocios.\t\t\t\t\t\t\t\t<\/div>\n\t\t\t\t<\/div>\n\t\t\t\t<\/div>\n\t\t<div class=\"has_eae_slider elementor-element elementor-element-57e0fb9 e-con-full e-flex e-con e-child\" data-eae-slider=\"65103\" data-id=\"57e0fb9\" data-element_type=\"container\">\n\t\t\t\t<div class=\"elementor-element elementor-element-c3a1691 elementor-widget elementor-widget-heading\" data-id=\"c3a1691\" data-element_type=\"widget\" data-widget_type=\"heading.default\">\n\t\t\t\t<div class=\"elementor-widget-container\">\n\t\t\t\t\t<h3 class=\"elementor-heading-title elementor-size-default\">SOLUCI\u00d3N<\/h3>\t\t\t\t<\/div>\n\t\t\t\t<\/div>\n\t\t\t\t<div class=\"elementor-element elementor-element-6b0adba elementor-widget elementor-widget-text-editor\" data-id=\"6b0adba\" data-element_type=\"widget\" data-widget_type=\"text-editor.default\">\n\t\t\t\t<div class=\"elementor-widget-container\">\n\t\t\t\t\t\t\t\t\tClaro seleccion\u00f3 Smartflex para gestionar sus nuevos servicios de internet en Nicaragua. Gracias a los resultados de penetraci\u00f3n de mercado obtenidos y la eficiencia operativa lograda, Claro extendi\u00f3 la plataforma de Open Intelligence para sus servicios sobre red fija y satelital en Nicaragua, Honduras, Costa Rica, Panam\u00e1 y parte de Guatemala.\t\t\t\t\t\t\t\t<\/div>\n\t\t\t\t<\/div>\n\t\t\t\t<\/div>\n\t\t<div class=\"has_eae_slider elementor-element elementor-element-bb4f282 e-con-full e-flex e-con e-child\" data-eae-slider=\"8236\" data-id=\"bb4f282\" data-element_type=\"container\">\n\t\t\t\t<div class=\"elementor-element elementor-element-b040eac elementor-widget elementor-widget-heading\" data-id=\"b040eac\" data-element_type=\"widget\" data-widget_type=\"heading.default\">\n\t\t\t\t<div class=\"elementor-widget-container\">\n\t\t\t\t\t<h3 class=\"elementor-heading-title elementor-size-default\">BENEFICIOS<\/h3>\t\t\t\t<\/div>\n\t\t\t\t<\/div>\n\t\t\t\t<div class=\"elementor-element elementor-element-a9a3779 elementor-widget elementor-widget-text-editor\" data-id=\"a9a3779\" data-element_type=\"widget\" data-widget_type=\"text-editor.default\">\n\t\t\t\t<div class=\"elementor-widget-container\">\n\t\t\t\t\t\t\t\t\tGracias a flexibilidad de la soluci\u00f3n Smartflex, Claro ha logrado soportar su crecimiento en Centroam\u00e9rica y estandarizar sus procesos comerciales y opertivos de sus operaciones de Telefon\u00eda Fija, Televisi\u00f3n por Cable, Internet y Televisi\u00f3n Satelital.\n\n\n\t\t\t\t\t\t\t\t<\/div>\n\t\t\t\t<\/div>\n\t\t\t\t<\/div>\n\t\t\t\t<\/div>\n\t\t<div class=\"has_eae_slider elementor-element elementor-element-07f351f e-con-full e-flex e-con e-child\" data-eae-slider=\"78461\" data-id=\"07f351f\" data-element_type=\"container\">\n\t\t<div class=\"has_eae_slider elementor-element elementor-element-5cb0122 e-con-full e-flex e-con e-child\" data-eae-slider=\"14015\" data-id=\"5cb0122\" data-element_type=\"container\">\n\t\t\t\t<div class=\"elementor-element elementor-element-4fe73d5 elementor-blockquote--skin-border elementor-widget elementor-widget-blockquote\" data-id=\"4fe73d5\" data-element_type=\"widget\" data-widget_type=\"blockquote.default\">\n\t\t\t\t<div class=\"elementor-widget-container\">\n\t\t\t\t\t\t\t<blockquote class=\"elementor-blockquote\">\n\t\t\t<p class=\"elementor-blockquote__content\">\n\t\t\t\t\u201cLa autonom\u00eda que tenemos al configurar nuestros procesos comerciales implica poder resolver problemas, o crear nuevos servicios a trav\u00e9s de nuestros propios medios y solventarlos con el personal interno\u201d\t\t\t<\/p>\n\t\t\t\t\t\t\t<div class=\"e-q-footer\">\n\t\t\t\t\t\t\t\t\t\t\t<cite class=\"elementor-blockquote__author\">\u2013 Milton Obando, Coordinador de Proyectos de Claro Nicaragua.<\/cite>\n\t\t\t\t\t\t\t\t\t\t\t\t\t\t<\/div>\n\t\t\t\t\t<\/blockquote>\n\t\t\t\t\t\t<\/div>\n\t\t\t\t<\/div>\n\t\t\t\t<div class=\"elementor-element elementor-element-77c1be3 elementor-widget elementor-widget-text-editor\" data-id=\"77c1be3\" data-element_type=\"widget\" data-widget_type=\"text-editor.default\">\n\t\t\t\t<div class=\"elementor-widget-container\">\n\t\t\t\t\t\t\t\t\t<p>Hoy Claro gestiona m\u00e1s de 1.5 millones de servicios por suscriptor con Open Smarflex en 5 pa\u00edses: Nicaragua, Honduras, Costa Rica, Panam\u00e1 y Guatemala, con un modelo est\u00e1ndar de negocios. Con la soluci\u00f3n de Open Intelligence, Claro logr\u00f3 configurar en dos o tres d\u00edas, ofertas comerciales que antes tomaban varias semanas.<\/p>\t\t\t\t\t\t\t\t<\/div>\n\t\t\t\t<\/div>\n\t\t\t\t<\/div>\n\t\t\t\t<\/div>\n\t\t\t\t\t<\/div>\n\t\t\t\t<\/div>\n\t\t<div class=\"has_eae_slider elementor-element elementor-element-2a629e7 e-flex e-con-boxed e-con e-parent\" data-eae-slider=\"73592\" data-id=\"2a629e7\" data-element_type=\"container\">\n\t\t\t\t\t<div class=\"e-con-inner\">\n\t\t\t\t<div class=\"elementor-element elementor-element-622959f elementor-widget elementor-widget-heading\" data-id=\"622959f\" data-element_type=\"widget\" data-widget_type=\"heading.default\">\n\t\t\t\t<div class=\"elementor-widget-container\">\n\t\t\t\t\t<h1 class=\"elementor-heading-title elementor-size-default\">La historia de Claro Centroam\u00e9rica<\/h1>\t\t\t\t<\/div>\n\t\t\t\t<\/div>\n\t\t\t\t<div class=\"elementor-element elementor-element-c59ef60 elementor-widget elementor-widget-text-editor\" data-id=\"c59ef60\" data-element_type=\"widget\" data-widget_type=\"text-editor.default\">\n\t\t\t\t<div class=\"elementor-widget-container\">\n\t\t\t\t\t\t\t\t\t<p>En el a\u00f1o 2007, Claro Nicaragua estaba introduciendo servicios de internet de alta velocidad y necesitaba una soluci\u00f3n para poderlos gestionar de manera integral. Open Intelligence implement\u00f3 en unas pocas semanas su soluci\u00f3n, en modo de alquiler, para gestionar los primeros 10,000 clientes del servicio de internet. Los resultados de penetraci\u00f3n del mercado logrados por Claro, lo incentivaron a soportar m\u00e1s servicios sobre Smartflex y adquirirlo finalmente en el 2008, para soportar todas sus empresas de Telefon\u00eda Fija, Televisi\u00f3n por Cable, Televisi\u00f3n Satelital e Internet en Nicaragua. Finalmente en el a\u00f1o 2010, lo extendi\u00f3 a sus nacientes operaciones Honduras, Costa Rica y Panam\u00e1.<\/p><p>Hoy, Claro gestiona m\u00e1s de 1.5 millones de servicios por suscriptor con Open Smarflex en 5 pa\u00edses: Nicaragua, Honduras, Costa Rica, Panam\u00e1 y Guatemala, con un modelo est\u00e1ndar de negocios.<\/p><p>Con la soluci\u00f3n Smartflex de Open Intelligence, Claro logr\u00f3 configurar en dos o tres d\u00edas, ofertas comerciales que antes tomaban varias semanas.<\/p><p>Adicionalmente, se eliminaron los tiempos muertos que se generaban por la gesti\u00f3n comercial, seg\u00fan Walter G\u00f3mez, Coordinador de Configuraciones de Claro Nicaragua, el proceso evolucion\u00f3 y ahora \u201ces muy simple: llega un requerimiento, se valida con el \u00e1rea de finanzas, el \u00e1rea de configuraci\u00f3n lo analiza y hace una proyecci\u00f3n de tiempo, se configura, se realiza la ejecuci\u00f3n de pruebas internas con el usuario y se lleva a producci\u00f3n\u201d.<br \/>\u201cLa autonom\u00eda que tenemos al configurar nuestros procesos comerciales implica poder resolver problemas, o crear nuevos servicios a trav\u00e9s de nuestros propios medios y solventarlos con el personal interno\u201d coment\u00f3 Milton Obando, Coordinador de Proyectos de Claro Nicaragua, quien adem\u00e1s mencion\u00f3 que otro valor agregado es \u201cal poder configurar nuestros procesos, tenemos la capacidad de documentarlos. Esto nos permite aprender de los desarrollos que realiza el equipo, por ejemplo: si uno de nuestros ingenieros realiza una configuraci\u00f3n, documenta c\u00f3mo fue el procedimiento y lo puede compartir con las dem\u00e1s personas del \u00e1rea\u201d.<\/p><p>Un buen ejemplo de lo anterior, es el desarrollo del plan comercial \u201cCasa Claro\u201d que les ofrece a los clientes de Centroam\u00e9rica paquetes Triple Play, que constan de servicios de Internet, Telefon\u00eda Fija y Televisi\u00f3n a precios muy asequibles. Antes, desarrollar una aplicaci\u00f3n que soportara un plan comercial de este tipo llevaba 3 meses, pero gracias a la configuraci\u00f3n flexible y la utilizaci\u00f3n de reglas de negocios de Smartflex se puede desarrollar en menos de tres d\u00edas.<\/p><p>Esta plataforma le ha ofrecido a cada operaci\u00f3n de Claro la posibilidad de gestionar sus diferentes operaciones con un modelo comercial y operativo estandarizado, adem\u00e1s de consolidarse como l\u00edder en la regi\u00f3n introduciendo nuevos productos y servicios mucho m\u00e1s r\u00e1pido que sus competidores.<\/p>\t\t\t\t\t\t\t\t<\/div>\n\t\t\t\t<\/div>\n\t\t\t\t\t<\/div>\n\t\t\t\t<\/div>\n\t\t<div class=\"has_eae_slider elementor-element elementor-element-65d4f28 e-con-full e-flex e-con e-parent\" data-eae-slider=\"9233\" data-id=\"65d4f28\" data-element_type=\"container\">\n\t\t\t\t<div class=\"elementor-element elementor-element-884b153 elementor-widget elementor-widget-template\" data-id=\"884b153\" data-element_type=\"widget\" data-widget_type=\"template.default\">\n\t\t\t\t<div class=\"elementor-widget-container\">\n\t\t\t\t\t\t\t<div class=\"elementor-template\">\n\t\t\t\t\t<div data-elementor-type=\"single-page\" data-elementor-id=\"36810\" class=\"elementor elementor-36810 elementor-37142\" data-elementor-post-type=\"elementor_library\">\n\t\t\t<div class=\"has_eae_slider elementor-element elementor-element-7822691 e-flex e-con-boxed e-con e-parent\" data-eae-slider=\"74302\" data-id=\"7822691\" data-element_type=\"container\">\n\t\t\t\t\t<div class=\"e-con-inner\">\n\t\t<div class=\"has_eae_slider elementor-element elementor-element-1a0513b e-con-full e-flex e-con e-child\" data-eae-slider=\"69479\" data-id=\"1a0513b\" data-element_type=\"container\" data-settings=\"{&quot;background_background&quot;:&quot;classic&quot;}\">\n\t\t\t\t<div class=\"elementor-element elementor-element-18e31af elementor-widget elementor-widget-heading\" data-id=\"18e31af\" data-element_type=\"widget\" data-widget_type=\"heading.default\">\n\t\t\t\t<div class=\"elementor-widget-container\">\n\t\t\t\t\t<h3 class=\"elementor-heading-title elementor-size-default\">Transforma tu negocio con una plataforma robusta y flexible dise\u00f1ada para tus necesidades, que te permite enfocarte en brindar servicios esenciales de energ\u00eda, gas o agua.<\/h3>\t\t\t\t<\/div>\n\t\t\t\t<\/div>\n\t\t\t\t<div class=\"elementor-element elementor-element-f3a2c5f elementor-align-center elementor-invisible elementor-widget elementor-widget-button\" data-id=\"f3a2c5f\" data-element_type=\"widget\" data-settings=\"{&quot;_animation&quot;:&quot;pulse&quot;}\" data-widget_type=\"button.default\">\n\t\t\t\t<div class=\"elementor-widget-container\">\n\t\t\t\t\t\t\t\t\t<div class=\"elementor-button-wrapper\">\n\t\t\t\t\t<a class=\"elementor-button elementor-button-link elementor-size-sm\" href=\"https:\/\/app.openintl.com\/es\/demo\">\n\t\t\t\t\t\t<span class=\"elementor-button-content-wrapper\">\n\t\t\t\t\t\t\t\t\t<span class=\"elementor-button-text\">VER DEMO<\/span>\n\t\t\t\t\t<\/span>\n\t\t\t\t\t<\/a>\n\t\t\t\t<\/div>\n\t\t\t\t\t\t\t\t<\/div>\n\t\t\t\t<\/div>\n\t\t\t\t<\/div>\n\t\t\t\t\t<\/div>\n\t\t\t\t<\/div>\n\t\t\t\t<\/div>\n\t\t\t\t<\/div>\n\t\t\t\t\t\t<\/div>\n\t\t\t\t<\/div>\n\t\t\t\t<\/div>\n\t\t\t\t<\/div>\n\t\t","protected":false},"excerpt":{"rendered":"","protected":false},"author":9,"featured_media":0,"parent":4653,"menu_order":0,"comment_status":"closed","ping_status":"closed","template":"","meta":{"_acf_changed":false,"footnotes":""},"class_list":["post-2021","page","type-page","status-publish"],"acf":[],"yoast_head":"<!-- This site is optimized with the Yoast SEO Premium plugin v23.4 (Yoast SEO v26.7) - https:\/\/yoast.com\/wordpress\/plugins\/seo\/ -->\n<title>Claro Centroam\u00e9rica | Open Intelligence<\/title>\n<meta name=\"robots\" content=\"index, follow, max-snippet:-1, max-image-preview:large, max-video-preview:-1\" \/>\n<link rel=\"canonical\" href=\"https:\/\/www.openintl.com\/es\/casos-de-exito\/claro-centroamerica\/\" \/>\n<meta property=\"og:locale\" content=\"es_ES\" \/>\n<meta property=\"og:type\" content=\"article\" \/>\n<meta property=\"og:title\" content=\"Claro Centroam\u00e9rica\" \/>\n<meta property=\"og:url\" content=\"https:\/\/www.openintl.com\/es\/casos-de-exito\/claro-centroamerica\/\" \/>\n<meta property=\"og:site_name\" content=\"Open Intelligence\" \/>\n<meta property=\"article:publisher\" content=\"https:\/\/www.facebook.com\/OpenSmartflex\/\" \/>\n<meta property=\"article:modified_time\" content=\"2024-08-21T16:39:16+00:00\" \/>\n<meta property=\"og:image\" content=\"https:\/\/www.openintl.com\/wp-content\/uploads\/2020\/10\/claro-logo.png\" \/>\n<meta name=\"twitter:card\" content=\"summary_large_image\" \/>\n<meta name=\"twitter:site\" content=\"@opensmartflex\" \/>\n<meta name=\"twitter:label1\" content=\"Tiempo de lectura\" \/>\n\t<meta name=\"twitter:data1\" content=\"4 minutos\" \/>\n<script type=\"application\/ld+json\" class=\"yoast-schema-graph\">{\"@context\":\"https:\/\/schema.org\",\"@graph\":[{\"@type\":\"WebPage\",\"@id\":\"https:\/\/www.openintl.com\/es\/casos-de-exito\/claro-centroamerica\/\",\"url\":\"https:\/\/www.openintl.com\/es\/casos-de-exito\/claro-centroamerica\/\",\"name\":\"Claro Centroam\u00e9rica | Open Intelligence\",\"isPartOf\":{\"@id\":\"\/#website\"},\"primaryImageOfPage\":{\"@id\":\"https:\/\/www.openintl.com\/es\/casos-de-exito\/claro-centroamerica\/#primaryimage\"},\"image\":{\"@id\":\"https:\/\/www.openintl.com\/es\/casos-de-exito\/claro-centroamerica\/#primaryimage\"},\"thumbnailUrl\":\"https:\/\/www.openintl.com\/wp-content\/uploads\/2020\/10\/claro-logo.png\",\"datePublished\":\"2017-05-16T16:14:16+00:00\",\"dateModified\":\"2024-08-21T16:39:16+00:00\",\"breadcrumb\":{\"@id\":\"https:\/\/www.openintl.com\/es\/casos-de-exito\/claro-centroamerica\/#breadcrumb\"},\"inLanguage\":\"es\",\"potentialAction\":[{\"@type\":\"ReadAction\",\"target\":[\"https:\/\/www.openintl.com\/es\/casos-de-exito\/claro-centroamerica\/\"]}]},{\"@type\":\"ImageObject\",\"inLanguage\":\"es\",\"@id\":\"https:\/\/www.openintl.com\/es\/casos-de-exito\/claro-centroamerica\/#primaryimage\",\"url\":\"https:\/\/www.openintl.com\/wp-content\/uploads\/2020\/10\/claro-logo.png\",\"contentUrl\":\"https:\/\/www.openintl.com\/wp-content\/uploads\/2020\/10\/claro-logo.png\"},{\"@type\":\"BreadcrumbList\",\"@id\":\"https:\/\/www.openintl.com\/es\/casos-de-exito\/claro-centroamerica\/#breadcrumb\",\"itemListElement\":[{\"@type\":\"ListItem\",\"position\":1,\"name\":\"Home\",\"item\":\"https:\/\/www.openintl.com\/es\/\"},{\"@type\":\"ListItem\",\"position\":2,\"name\":\"Casos de \u00c9xito\",\"item\":\"https:\/\/www.openintl.com\/es\/casos-de-exito\/\"},{\"@type\":\"ListItem\",\"position\":3,\"name\":\"Claro Centroam\u00e9rica\"}]},{\"@type\":\"WebSite\",\"@id\":\"\/#website\",\"url\":\"\/\",\"name\":\"Open Intelligence\",\"description\":\"Software for utility companies\",\"publisher\":{\"@id\":\"\/#organization\"},\"alternateName\":\"Open\",\"potentialAction\":[{\"@type\":\"SearchAction\",\"target\":{\"@type\":\"EntryPoint\",\"urlTemplate\":\"\/?s={search_term_string}\"},\"query-input\":{\"@type\":\"PropertyValueSpecification\",\"valueRequired\":true,\"valueName\":\"search_term_string\"}}],\"inLanguage\":\"es\"},{\"@type\":\"Organization\",\"@id\":\"\/#organization\",\"name\":\"Open Intelligence\",\"url\":\"\/\",\"logo\":{\"@type\":\"ImageObject\",\"inLanguage\":\"es\",\"@id\":\"\/#\/schema\/logo\/image\/\",\"url\":\"https:\/\/www.openintl.com\/wp-content\/uploads\/2022\/09\/cropped-color-open-intelligence-logo-1.png\",\"contentUrl\":\"https:\/\/www.openintl.com\/wp-content\/uploads\/2022\/09\/cropped-color-open-intelligence-logo-1.png\",\"width\":974,\"height\":378,\"caption\":\"Open Intelligence\"},\"image\":{\"@id\":\"\/#\/schema\/logo\/image\/\"},\"sameAs\":[\"https:\/\/www.facebook.com\/OpenSmartflex\/\",\"https:\/\/x.com\/opensmartflex\",\"https:\/\/www.linkedin.com\/company\/weareopenintelligence\",\"https:\/\/www.youtube.com\/channel\/UCHpHSdiqVTs0OvdEYJxCqiQ\"]}]}<\/script>\n<!-- \/ Yoast SEO Premium plugin. -->","yoast_head_json":{"title":"Claro Centroam\u00e9rica | Open Intelligence","robots":{"index":"index","follow":"follow","max-snippet":"max-snippet:-1","max-image-preview":"max-image-preview:large","max-video-preview":"max-video-preview:-1"},"canonical":"https:\/\/www.openintl.com\/es\/casos-de-exito\/claro-centroamerica\/","og_locale":"es_ES","og_type":"article","og_title":"Claro Centroam\u00e9rica","og_url":"https:\/\/www.openintl.com\/es\/casos-de-exito\/claro-centroamerica\/","og_site_name":"Open Intelligence","article_publisher":"https:\/\/www.facebook.com\/OpenSmartflex\/","article_modified_time":"2024-08-21T16:39:16+00:00","og_image":[{"url":"https:\/\/www.openintl.com\/wp-content\/uploads\/2020\/10\/claro-logo.png","type":"","width":"","height":""}],"twitter_card":"summary_large_image","twitter_site":"@opensmartflex","twitter_misc":{"Tiempo de lectura":"4 minutos"},"schema":{"@context":"https:\/\/schema.org","@graph":[{"@type":"WebPage","@id":"https:\/\/www.openintl.com\/es\/casos-de-exito\/claro-centroamerica\/","url":"https:\/\/www.openintl.com\/es\/casos-de-exito\/claro-centroamerica\/","name":"Claro Centroam\u00e9rica | Open Intelligence","isPartOf":{"@id":"\/#website"},"primaryImageOfPage":{"@id":"https:\/\/www.openintl.com\/es\/casos-de-exito\/claro-centroamerica\/#primaryimage"},"image":{"@id":"https:\/\/www.openintl.com\/es\/casos-de-exito\/claro-centroamerica\/#primaryimage"},"thumbnailUrl":"https:\/\/www.openintl.com\/wp-content\/uploads\/2020\/10\/claro-logo.png","datePublished":"2017-05-16T16:14:16+00:00","dateModified":"2024-08-21T16:39:16+00:00","breadcrumb":{"@id":"https:\/\/www.openintl.com\/es\/casos-de-exito\/claro-centroamerica\/#breadcrumb"},"inLanguage":"es","potentialAction":[{"@type":"ReadAction","target":["https:\/\/www.openintl.com\/es\/casos-de-exito\/claro-centroamerica\/"]}]},{"@type":"ImageObject","inLanguage":"es","@id":"https:\/\/www.openintl.com\/es\/casos-de-exito\/claro-centroamerica\/#primaryimage","url":"https:\/\/www.openintl.com\/wp-content\/uploads\/2020\/10\/claro-logo.png","contentUrl":"https:\/\/www.openintl.com\/wp-content\/uploads\/2020\/10\/claro-logo.png"},{"@type":"BreadcrumbList","@id":"https:\/\/www.openintl.com\/es\/casos-de-exito\/claro-centroamerica\/#breadcrumb","itemListElement":[{"@type":"ListItem","position":1,"name":"Home","item":"https:\/\/www.openintl.com\/es\/"},{"@type":"ListItem","position":2,"name":"Casos de \u00c9xito","item":"https:\/\/www.openintl.com\/es\/casos-de-exito\/"},{"@type":"ListItem","position":3,"name":"Claro Centroam\u00e9rica"}]},{"@type":"WebSite","@id":"\/#website","url":"\/","name":"Open Intelligence","description":"Software for utility companies","publisher":{"@id":"\/#organization"},"alternateName":"Open","potentialAction":[{"@type":"SearchAction","target":{"@type":"EntryPoint","urlTemplate":"\/?s={search_term_string}"},"query-input":{"@type":"PropertyValueSpecification","valueRequired":true,"valueName":"search_term_string"}}],"inLanguage":"es"},{"@type":"Organization","@id":"\/#organization","name":"Open Intelligence","url":"\/","logo":{"@type":"ImageObject","inLanguage":"es","@id":"\/#\/schema\/logo\/image\/","url":"https:\/\/www.openintl.com\/wp-content\/uploads\/2022\/09\/cropped-color-open-intelligence-logo-1.png","contentUrl":"https:\/\/www.openintl.com\/wp-content\/uploads\/2022\/09\/cropped-color-open-intelligence-logo-1.png","width":974,"height":378,"caption":"Open Intelligence"},"image":{"@id":"\/#\/schema\/logo\/image\/"},"sameAs":["https:\/\/www.facebook.com\/OpenSmartflex\/","https:\/\/x.com\/opensmartflex","https:\/\/www.linkedin.com\/company\/weareopenintelligence","https:\/\/www.youtube.com\/channel\/UCHpHSdiqVTs0OvdEYJxCqiQ"]}]}},"_links":{"self":[{"href":"https:\/\/www.openintl.com\/es\/wp-json\/wp\/v2\/pages\/2021","targetHints":{"allow":["GET"]}}],"collection":[{"href":"https:\/\/www.openintl.com\/es\/wp-json\/wp\/v2\/pages"}],"about":[{"href":"https:\/\/www.openintl.com\/es\/wp-json\/wp\/v2\/types\/page"}],"author":[{"embeddable":true,"href":"https:\/\/www.openintl.com\/es\/wp-json\/wp\/v2\/users\/9"}],"replies":[{"embeddable":true,"href":"https:\/\/www.openintl.com\/es\/wp-json\/wp\/v2\/comments?post=2021"}],"version-history":[{"count":2,"href":"https:\/\/www.openintl.com\/es\/wp-json\/wp\/v2\/pages\/2021\/revisions"}],"predecessor-version":[{"id":37721,"href":"https:\/\/www.openintl.com\/es\/wp-json\/wp\/v2\/pages\/2021\/revisions\/37721"}],"up":[{"embeddable":true,"href":"https:\/\/www.openintl.com\/es\/wp-json\/wp\/v2\/pages\/4653"}],"wp:attachment":[{"href":"https:\/\/www.openintl.com\/es\/wp-json\/wp\/v2\/media?parent=2021"}],"curies":[{"name":"wp","href":"https:\/\/api.w.org\/{rel}","templated":true}]}}