{"id":33444,"date":"2024-05-02T16:05:09","date_gmt":"2024-05-02T21:05:09","guid":{"rendered":"https:\/\/www.openintl.com\/ambienteTrabajo2\/?page_id=33444"},"modified":"2024-08-22T15:27:48","modified_gmt":"2024-08-22T20:27:48","slug":"politica-de-calidad","status":"publish","type":"page","link":"https:\/\/www.openintl.com\/es\/politica-de-calidad\/","title":{"rendered":"Pol\u00edtica de calidad"},"content":{"rendered":"\t\t<div data-elementor-type=\"wp-page\" data-elementor-id=\"33444\" class=\"elementor elementor-33444\" data-elementor-post-type=\"page\">\n\t\t\t\t<div class=\"has_eae_slider elementor-element elementor-element-999ccbf e-flex e-con-boxed e-con e-parent\" data-eae-slider=\"79012\" data-id=\"999ccbf\" data-element_type=\"container\">\n\t\t\t\t\t<div class=\"e-con-inner\">\n\t\t<div class=\"has_eae_slider elementor-element elementor-element-b22e2bd e-con-full e-flex e-con e-child\" data-eae-slider=\"72882\" data-id=\"b22e2bd\" data-element_type=\"container\">\n\t\t\t\t<div class=\"elementor-element elementor-element-0fa3d1e elementor-widget elementor-widget-text-editor\" data-id=\"0fa3d1e\" data-element_type=\"widget\" data-widget_type=\"text-editor.default\">\n\t\t\t\t<div class=\"elementor-widget-container\">\n\t\t\t\t\t\t\t\t\t<h1>Pol\u00edtica de calidad<\/h1><h2>1. Alcance<\/h2><p>Esta pol\u00edtica aplica para todos los procesos de la compa\u00f1\u00eda.<\/p><h2>2. Descripci\u00f3n de la pol\u00edtica<\/h2><p>Con el fin brindar productos y servicios de software bajo par\u00e1metros de calidad, oportunidad y productividad, Open est\u00e1 soportado sobre un Sistema de Gesti\u00f3n basado en el mejoramiento continuo de sus procesos. Para lograr este prop\u00f3sito, se eval\u00faa objetiva y peri\u00f3dicamente:<\/p><ul><li>La adherencia de los procesos y productos de trabajo, respecto a est\u00e1ndares y procedimientos documentados.<\/li><\/ul><ul><li>La adherencia del producto para asegurar el cumplimiento de su uso previsto, respecto a :<\/li><\/ul><ul><li style=\"list-style-type: none;\"><ul><li>Requisitos del mercado de las industrias objetivo determinadas por la evaluaci\u00f3n de:<\/li><\/ul><\/li><\/ul><ul><li style=\"list-style-type: none;\"><ul><li style=\"list-style-type: none;\"><ul><li>Tendencias de la industria TI.<\/li><li>Tendencias de las industrias del mercado objetivo.<\/li><li>Modelos de negocio de las industrias del mercado objetivo.<\/li><li>Resultados del benchmarking con productos de los competidores l\u00edderes del mercado.<\/li><\/ul><\/li><\/ul><\/li><\/ul><ul><li style=\"list-style-type: none;\"><ul><li>Requisitos acordados con el cliente.<\/li><\/ul><\/li><\/ul><ul><li>Y el aporte de cada proceso al cumplimiento de la estrategia, objetivos corporativos (estrat\u00e9gicos) y objetivos de calidad de la compa\u00f1\u00eda.<\/li><\/ul>\t\t\t\t\t\t\t\t<\/div>\n\t\t\t\t<\/div>\n\t\t\t\t<\/div>\n\t\t\t\t\t<\/div>\n\t\t\t\t<\/div>\n\t\t\t\t<\/div>\n\t\t","protected":false},"excerpt":{"rendered":"","protected":false},"author":9,"featured_media":0,"parent":0,"menu_order":0,"comment_status":"closed","ping_status":"closed","template":"","meta":{"_acf_changed":false,"footnotes":""},"class_list":["post-33444","page","type-page","status-publish"],"acf":[],"yoast_head":"<!-- This site is optimized with the Yoast SEO Premium plugin v23.4 (Yoast SEO v26.7) - https:\/\/yoast.com\/wordpress\/plugins\/seo\/ -->\n<title>Pol\u00edtica de calidad | Open Intelligence<\/title>\n<meta name=\"robots\" content=\"index, follow, max-snippet:-1, max-image-preview:large, max-video-preview:-1\" \/>\n<link rel=\"canonical\" href=\"https:\/\/www.openintl.com\/es\/politica-de-calidad\/\" \/>\n<meta property=\"og:locale\" content=\"es_ES\" \/>\n<meta property=\"og:type\" content=\"article\" \/>\n<meta property=\"og:title\" content=\"Pol\u00edtica de calidad\" \/>\n<meta property=\"og:url\" content=\"https:\/\/www.openintl.com\/es\/politica-de-calidad\/\" \/>\n<meta property=\"og:site_name\" content=\"Open Intelligence\" \/>\n<meta property=\"article:publisher\" content=\"https:\/\/www.facebook.com\/OpenSmartflex\/\" \/>\n<meta property=\"article:modified_time\" content=\"2024-08-22T20:27:48+00:00\" \/>\n<meta name=\"twitter:card\" content=\"summary_large_image\" \/>\n<meta name=\"twitter:site\" content=\"@opensmartflex\" \/>\n<meta name=\"twitter:label1\" content=\"Tiempo de lectura\" \/>\n\t<meta name=\"twitter:data1\" content=\"1 minuto\" \/>\n<script type=\"application\/ld+json\" class=\"yoast-schema-graph\">{\"@context\":\"https:\/\/schema.org\",\"@graph\":[{\"@type\":\"WebPage\",\"@id\":\"https:\/\/www.openintl.com\/es\/politica-de-calidad\/\",\"url\":\"https:\/\/www.openintl.com\/es\/politica-de-calidad\/\",\"name\":\"Pol\u00edtica de calidad | Open Intelligence\",\"isPartOf\":{\"@id\":\"\/#website\"},\"datePublished\":\"2024-05-02T21:05:09+00:00\",\"dateModified\":\"2024-08-22T20:27:48+00:00\",\"breadcrumb\":{\"@id\":\"https:\/\/www.openintl.com\/es\/politica-de-calidad\/#breadcrumb\"},\"inLanguage\":\"es\",\"potentialAction\":[{\"@type\":\"ReadAction\",\"target\":[\"https:\/\/www.openintl.com\/es\/politica-de-calidad\/\"]}]},{\"@type\":\"BreadcrumbList\",\"@id\":\"https:\/\/www.openintl.com\/es\/politica-de-calidad\/#breadcrumb\",\"itemListElement\":[{\"@type\":\"ListItem\",\"position\":1,\"name\":\"Home\",\"item\":\"https:\/\/www.openintl.com\/es\/\"},{\"@type\":\"ListItem\",\"position\":2,\"name\":\"Pol\u00edtica de calidad\"}]},{\"@type\":\"WebSite\",\"@id\":\"\/#website\",\"url\":\"\/\",\"name\":\"Open Intelligence\",\"description\":\"Software for utility companies\",\"publisher\":{\"@id\":\"\/#organization\"},\"alternateName\":\"Open\",\"potentialAction\":[{\"@type\":\"SearchAction\",\"target\":{\"@type\":\"EntryPoint\",\"urlTemplate\":\"\/?s={search_term_string}\"},\"query-input\":{\"@type\":\"PropertyValueSpecification\",\"valueRequired\":true,\"valueName\":\"search_term_string\"}}],\"inLanguage\":\"es\"},{\"@type\":\"Organization\",\"@id\":\"\/#organization\",\"name\":\"Open Intelligence\",\"url\":\"\/\",\"logo\":{\"@type\":\"ImageObject\",\"inLanguage\":\"es\",\"@id\":\"\/#\/schema\/logo\/image\/\",\"url\":\"https:\/\/www.openintl.com\/wp-content\/uploads\/2022\/09\/cropped-color-open-intelligence-logo-1.png\",\"contentUrl\":\"https:\/\/www.openintl.com\/wp-content\/uploads\/2022\/09\/cropped-color-open-intelligence-logo-1.png\",\"width\":974,\"height\":378,\"caption\":\"Open Intelligence\"},\"image\":{\"@id\":\"\/#\/schema\/logo\/image\/\"},\"sameAs\":[\"https:\/\/www.facebook.com\/OpenSmartflex\/\",\"https:\/\/x.com\/opensmartflex\",\"https:\/\/www.linkedin.com\/company\/weareopenintelligence\",\"https:\/\/www.youtube.com\/channel\/UCHpHSdiqVTs0OvdEYJxCqiQ\"]}]}<\/script>\n<!-- \/ Yoast SEO Premium plugin. -->","yoast_head_json":{"title":"Pol\u00edtica de calidad | Open Intelligence","robots":{"index":"index","follow":"follow","max-snippet":"max-snippet:-1","max-image-preview":"max-image-preview:large","max-video-preview":"max-video-preview:-1"},"canonical":"https:\/\/www.openintl.com\/es\/politica-de-calidad\/","og_locale":"es_ES","og_type":"article","og_title":"Pol\u00edtica de calidad","og_url":"https:\/\/www.openintl.com\/es\/politica-de-calidad\/","og_site_name":"Open Intelligence","article_publisher":"https:\/\/www.facebook.com\/OpenSmartflex\/","article_modified_time":"2024-08-22T20:27:48+00:00","twitter_card":"summary_large_image","twitter_site":"@opensmartflex","twitter_misc":{"Tiempo de lectura":"1 minuto"},"schema":{"@context":"https:\/\/schema.org","@graph":[{"@type":"WebPage","@id":"https:\/\/www.openintl.com\/es\/politica-de-calidad\/","url":"https:\/\/www.openintl.com\/es\/politica-de-calidad\/","name":"Pol\u00edtica de calidad | Open Intelligence","isPartOf":{"@id":"\/#website"},"datePublished":"2024-05-02T21:05:09+00:00","dateModified":"2024-08-22T20:27:48+00:00","breadcrumb":{"@id":"https:\/\/www.openintl.com\/es\/politica-de-calidad\/#breadcrumb"},"inLanguage":"es","potentialAction":[{"@type":"ReadAction","target":["https:\/\/www.openintl.com\/es\/politica-de-calidad\/"]}]},{"@type":"BreadcrumbList","@id":"https:\/\/www.openintl.com\/es\/politica-de-calidad\/#breadcrumb","itemListElement":[{"@type":"ListItem","position":1,"name":"Home","item":"https:\/\/www.openintl.com\/es\/"},{"@type":"ListItem","position":2,"name":"Pol\u00edtica de calidad"}]},{"@type":"WebSite","@id":"\/#website","url":"\/","name":"Open Intelligence","description":"Software for utility companies","publisher":{"@id":"\/#organization"},"alternateName":"Open","potentialAction":[{"@type":"SearchAction","target":{"@type":"EntryPoint","urlTemplate":"\/?s={search_term_string}"},"query-input":{"@type":"PropertyValueSpecification","valueRequired":true,"valueName":"search_term_string"}}],"inLanguage":"es"},{"@type":"Organization","@id":"\/#organization","name":"Open Intelligence","url":"\/","logo":{"@type":"ImageObject","inLanguage":"es","@id":"\/#\/schema\/logo\/image\/","url":"https:\/\/www.openintl.com\/wp-content\/uploads\/2022\/09\/cropped-color-open-intelligence-logo-1.png","contentUrl":"https:\/\/www.openintl.com\/wp-content\/uploads\/2022\/09\/cropped-color-open-intelligence-logo-1.png","width":974,"height":378,"caption":"Open Intelligence"},"image":{"@id":"\/#\/schema\/logo\/image\/"},"sameAs":["https:\/\/www.facebook.com\/OpenSmartflex\/","https:\/\/x.com\/opensmartflex","https:\/\/www.linkedin.com\/company\/weareopenintelligence","https:\/\/www.youtube.com\/channel\/UCHpHSdiqVTs0OvdEYJxCqiQ"]}]}},"_links":{"self":[{"href":"https:\/\/www.openintl.com\/es\/wp-json\/wp\/v2\/pages\/33444","targetHints":{"allow":["GET"]}}],"collection":[{"href":"https:\/\/www.openintl.com\/es\/wp-json\/wp\/v2\/pages"}],"about":[{"href":"https:\/\/www.openintl.com\/es\/wp-json\/wp\/v2\/types\/page"}],"author":[{"embeddable":true,"href":"https:\/\/www.openintl.com\/es\/wp-json\/wp\/v2\/users\/9"}],"replies":[{"embeddable":true,"href":"https:\/\/www.openintl.com\/es\/wp-json\/wp\/v2\/comments?post=33444"}],"version-history":[{"count":2,"href":"https:\/\/www.openintl.com\/es\/wp-json\/wp\/v2\/pages\/33444\/revisions"}],"predecessor-version":[{"id":38055,"href":"https:\/\/www.openintl.com\/es\/wp-json\/wp\/v2\/pages\/33444\/revisions\/38055"}],"wp:attachment":[{"href":"https:\/\/www.openintl.com\/es\/wp-json\/wp\/v2\/media?parent=33444"}],"curies":[{"name":"wp","href":"https:\/\/api.w.org\/{rel}","templated":true}]}}