{"id":40009,"date":"2025-03-03T10:38:27","date_gmt":"2025-03-03T15:38:27","guid":{"rendered":"https:\/\/www.openintl.com\/ambienteTrabajo2\/?page_id=40009"},"modified":"2025-03-03T10:38:48","modified_gmt":"2025-03-03T15:38:48","slug":"aviso-legal","status":"publish","type":"page","link":"https:\/\/www.openintl.com\/es\/aviso-legal\/","title":{"rendered":"Aviso legal"},"content":{"rendered":"\t\t<div data-elementor-type=\"wp-page\" data-elementor-id=\"40009\" class=\"elementor elementor-40009\" data-elementor-post-type=\"page\">\n\t\t\t\t<div class=\"has_eae_slider elementor-element elementor-element-03b7dfd e-flex e-con-boxed e-con e-parent\" data-eae-slider=\"48665\" data-id=\"03b7dfd\" data-element_type=\"container\">\n\t\t\t\t\t<div class=\"e-con-inner\">\n\t\t<div class=\"has_eae_slider elementor-element elementor-element-7ed01cd e-con-full e-flex e-con e-child\" data-eae-slider=\"17695\" data-id=\"7ed01cd\" data-element_type=\"container\">\n\t\t\t\t<div class=\"elementor-element elementor-element-3adad04 elementor-widget elementor-widget-text-editor\" data-id=\"3adad04\" data-element_type=\"widget\" data-widget_type=\"text-editor.default\">\n\t\t\t\t<div class=\"elementor-widget-container\">\n\t\t\t\t\t\t\t\t\t<h1>Aviso legal<\/h1><h3>Informaci\u00f3n general<\/h3><p>En cumplimiento de lo dispuesto en la Ley de Servicios de la Sociedad de la Informaci\u00f3n y el Comercio Electr\u00f3nico (LSSI-CE) el titular del sitio web www.openintl.com es OPEN INTERNACIONAL MAJUFE S.L. con NIF B44999324 y domicilio sito en PASEO DE PEREDA 16 PLANTA 1, 39004, SANTANDER (CANTABRIA). La entidad se encuentra inscrita en el Registro con los siguientes datos de inscripci\u00f3n: Tomo: 1297; Secci\u00f3n: 8; Folio 98; Hoja: S36995; Inscripci\u00f3n: 1\u00aa y la fecha de inscripci\u00f3n 22\/05\/2023<\/p><p>Con \u00e1nimo de que el uso del sitio web se ajuste a criterios de transparencia, claridad y sencillez, el titular del sitio web informa al usuario de cualquier sugerencia, duda o consulta sobre el presente Aviso Legal o cualquier otro documento informativo del sitio web ser\u00e1 recibida y solucionada contactando a trav\u00e9s de la direcci\u00f3n de correo electr\u00f3nica: info@openintl.com<\/p><h3>Propiedad intelectual<\/h3><p>Todos los contenidos que se muestran en el presente sitio web, y en especial dise\u00f1os, textos, im\u00e1genes, logos, iconos, nombres comerciales, marcas o cualquier otra informaci\u00f3n susceptible de utilizaci\u00f3n industrial y\/o comercial est\u00e1n protegidos por los correspondientes derechos de autor, no permitiendo su reproducci\u00f3n, transmisi\u00f3n o registro de informaci\u00f3n salvo autorizaci\u00f3n previa del titular, no obstante, el usuario podr\u00e1 utilizar informaci\u00f3n facilitada para gestionar su pedido y los datos de contacto correspondientes.<\/p><h3>Enlaces<\/h3><p>El titular del sitio web no asume ninguna responsabilidad sobre los enlaces hacia otros sitios o p\u00e1ginas web que, en su caso, pudieran incluirse en el mismo, ya que no tiene ning\u00fan tipo de control sobre los mismos, por lo que el usuario accede bajo su exclusiva responsabilidad al contenido y en las condiciones de uso que rijan en los mismos.<\/p>\t\t\t\t\t\t\t\t<\/div>\n\t\t\t\t<\/div>\n\t\t\t\t<\/div>\n\t\t\t\t\t<\/div>\n\t\t\t\t<\/div>\n\t\t\t\t<\/div>\n\t\t","protected":false},"excerpt":{"rendered":"","protected":false},"author":9,"featured_media":0,"parent":0,"menu_order":0,"comment_status":"closed","ping_status":"closed","template":"","meta":{"_acf_changed":false,"footnotes":""},"class_list":["post-40009","page","type-page","status-publish"],"acf":[],"yoast_head":"<!-- This site is optimized with the Yoast SEO Premium plugin v23.4 (Yoast SEO v26.7) - https:\/\/yoast.com\/wordpress\/plugins\/seo\/ -->\n<title>Aviso legal | Open Intelligence<\/title>\n<meta name=\"robots\" content=\"index, follow, max-snippet:-1, max-image-preview:large, max-video-preview:-1\" \/>\n<link rel=\"canonical\" href=\"https:\/\/www.openintl.com\/es\/aviso-legal\/\" \/>\n<meta property=\"og:locale\" content=\"es_ES\" \/>\n<meta property=\"og:type\" content=\"article\" \/>\n<meta property=\"og:title\" content=\"Aviso legal\" \/>\n<meta property=\"og:url\" content=\"https:\/\/www.openintl.com\/es\/aviso-legal\/\" \/>\n<meta property=\"og:site_name\" content=\"Open Intelligence\" \/>\n<meta property=\"article:publisher\" content=\"https:\/\/www.facebook.com\/OpenSmartflex\/\" \/>\n<meta property=\"article:modified_time\" content=\"2025-03-03T15:38:48+00:00\" \/>\n<meta name=\"twitter:card\" content=\"summary_large_image\" \/>\n<meta name=\"twitter:site\" content=\"@opensmartflex\" \/>\n<meta name=\"twitter:label1\" content=\"Tiempo de lectura\" \/>\n\t<meta name=\"twitter:data1\" content=\"2 minutos\" \/>\n<script type=\"application\/ld+json\" class=\"yoast-schema-graph\">{\"@context\":\"https:\/\/schema.org\",\"@graph\":[{\"@type\":\"WebPage\",\"@id\":\"https:\/\/www.openintl.com\/es\/aviso-legal\/\",\"url\":\"https:\/\/www.openintl.com\/es\/aviso-legal\/\",\"name\":\"Aviso legal | Open Intelligence\",\"isPartOf\":{\"@id\":\"\/#website\"},\"datePublished\":\"2025-03-03T15:38:27+00:00\",\"dateModified\":\"2025-03-03T15:38:48+00:00\",\"breadcrumb\":{\"@id\":\"https:\/\/www.openintl.com\/es\/aviso-legal\/#breadcrumb\"},\"inLanguage\":\"es\",\"potentialAction\":[{\"@type\":\"ReadAction\",\"target\":[\"https:\/\/www.openintl.com\/es\/aviso-legal\/\"]}]},{\"@type\":\"BreadcrumbList\",\"@id\":\"https:\/\/www.openintl.com\/es\/aviso-legal\/#breadcrumb\",\"itemListElement\":[{\"@type\":\"ListItem\",\"position\":1,\"name\":\"Home\",\"item\":\"https:\/\/www.openintl.com\/es\/\"},{\"@type\":\"ListItem\",\"position\":2,\"name\":\"Aviso legal\"}]},{\"@type\":\"WebSite\",\"@id\":\"\/#website\",\"url\":\"\/\",\"name\":\"Open Intelligence\",\"description\":\"Software for utility companies\",\"publisher\":{\"@id\":\"\/#organization\"},\"alternateName\":\"Open\",\"potentialAction\":[{\"@type\":\"SearchAction\",\"target\":{\"@type\":\"EntryPoint\",\"urlTemplate\":\"\/?s={search_term_string}\"},\"query-input\":{\"@type\":\"PropertyValueSpecification\",\"valueRequired\":true,\"valueName\":\"search_term_string\"}}],\"inLanguage\":\"es\"},{\"@type\":\"Organization\",\"@id\":\"\/#organization\",\"name\":\"Open Intelligence\",\"url\":\"\/\",\"logo\":{\"@type\":\"ImageObject\",\"inLanguage\":\"es\",\"@id\":\"\/#\/schema\/logo\/image\/\",\"url\":\"https:\/\/www.openintl.com\/wp-content\/uploads\/2022\/09\/cropped-color-open-intelligence-logo-1.png\",\"contentUrl\":\"https:\/\/www.openintl.com\/wp-content\/uploads\/2022\/09\/cropped-color-open-intelligence-logo-1.png\",\"width\":974,\"height\":378,\"caption\":\"Open Intelligence\"},\"image\":{\"@id\":\"\/#\/schema\/logo\/image\/\"},\"sameAs\":[\"https:\/\/www.facebook.com\/OpenSmartflex\/\",\"https:\/\/x.com\/opensmartflex\",\"https:\/\/www.linkedin.com\/company\/weareopenintelligence\",\"https:\/\/www.youtube.com\/channel\/UCHpHSdiqVTs0OvdEYJxCqiQ\"]}]}<\/script>\n<!-- \/ Yoast SEO Premium plugin. -->","yoast_head_json":{"title":"Aviso legal | Open Intelligence","robots":{"index":"index","follow":"follow","max-snippet":"max-snippet:-1","max-image-preview":"max-image-preview:large","max-video-preview":"max-video-preview:-1"},"canonical":"https:\/\/www.openintl.com\/es\/aviso-legal\/","og_locale":"es_ES","og_type":"article","og_title":"Aviso legal","og_url":"https:\/\/www.openintl.com\/es\/aviso-legal\/","og_site_name":"Open Intelligence","article_publisher":"https:\/\/www.facebook.com\/OpenSmartflex\/","article_modified_time":"2025-03-03T15:38:48+00:00","twitter_card":"summary_large_image","twitter_site":"@opensmartflex","twitter_misc":{"Tiempo de lectura":"2 minutos"},"schema":{"@context":"https:\/\/schema.org","@graph":[{"@type":"WebPage","@id":"https:\/\/www.openintl.com\/es\/aviso-legal\/","url":"https:\/\/www.openintl.com\/es\/aviso-legal\/","name":"Aviso legal | Open Intelligence","isPartOf":{"@id":"\/#website"},"datePublished":"2025-03-03T15:38:27+00:00","dateModified":"2025-03-03T15:38:48+00:00","breadcrumb":{"@id":"https:\/\/www.openintl.com\/es\/aviso-legal\/#breadcrumb"},"inLanguage":"es","potentialAction":[{"@type":"ReadAction","target":["https:\/\/www.openintl.com\/es\/aviso-legal\/"]}]},{"@type":"BreadcrumbList","@id":"https:\/\/www.openintl.com\/es\/aviso-legal\/#breadcrumb","itemListElement":[{"@type":"ListItem","position":1,"name":"Home","item":"https:\/\/www.openintl.com\/es\/"},{"@type":"ListItem","position":2,"name":"Aviso legal"}]},{"@type":"WebSite","@id":"\/#website","url":"\/","name":"Open Intelligence","description":"Software for utility companies","publisher":{"@id":"\/#organization"},"alternateName":"Open","potentialAction":[{"@type":"SearchAction","target":{"@type":"EntryPoint","urlTemplate":"\/?s={search_term_string}"},"query-input":{"@type":"PropertyValueSpecification","valueRequired":true,"valueName":"search_term_string"}}],"inLanguage":"es"},{"@type":"Organization","@id":"\/#organization","name":"Open Intelligence","url":"\/","logo":{"@type":"ImageObject","inLanguage":"es","@id":"\/#\/schema\/logo\/image\/","url":"https:\/\/www.openintl.com\/wp-content\/uploads\/2022\/09\/cropped-color-open-intelligence-logo-1.png","contentUrl":"https:\/\/www.openintl.com\/wp-content\/uploads\/2022\/09\/cropped-color-open-intelligence-logo-1.png","width":974,"height":378,"caption":"Open Intelligence"},"image":{"@id":"\/#\/schema\/logo\/image\/"},"sameAs":["https:\/\/www.facebook.com\/OpenSmartflex\/","https:\/\/x.com\/opensmartflex","https:\/\/www.linkedin.com\/company\/weareopenintelligence","https:\/\/www.youtube.com\/channel\/UCHpHSdiqVTs0OvdEYJxCqiQ"]}]}},"_links":{"self":[{"href":"https:\/\/www.openintl.com\/es\/wp-json\/wp\/v2\/pages\/40009","targetHints":{"allow":["GET"]}}],"collection":[{"href":"https:\/\/www.openintl.com\/es\/wp-json\/wp\/v2\/pages"}],"about":[{"href":"https:\/\/www.openintl.com\/es\/wp-json\/wp\/v2\/types\/page"}],"author":[{"embeddable":true,"href":"https:\/\/www.openintl.com\/es\/wp-json\/wp\/v2\/users\/9"}],"replies":[{"embeddable":true,"href":"https:\/\/www.openintl.com\/es\/wp-json\/wp\/v2\/comments?post=40009"}],"version-history":[{"count":2,"href":"https:\/\/www.openintl.com\/es\/wp-json\/wp\/v2\/pages\/40009\/revisions"}],"predecessor-version":[{"id":40016,"href":"https:\/\/www.openintl.com\/es\/wp-json\/wp\/v2\/pages\/40009\/revisions\/40016"}],"wp:attachment":[{"href":"https:\/\/www.openintl.com\/es\/wp-json\/wp\/v2\/media?parent=40009"}],"curies":[{"name":"wp","href":"https:\/\/api.w.org\/{rel}","templated":true}]}}