{"id":5289,"date":"2017-06-28T09:04:24","date_gmt":"2017-06-28T14:04:24","guid":{"rendered":"https:\/\/www.openintl.com\/ambienteWordpress\/terminos-y-condiciones\/"},"modified":"2025-05-08T15:54:51","modified_gmt":"2025-05-08T20:54:51","slug":"terminos-y-condiciones","status":"publish","type":"page","link":"https:\/\/www.openintl.com\/es\/terminos-y-condiciones\/","title":{"rendered":"T\u00e9rminos y condiciones"},"content":{"rendered":"\t\t<div data-elementor-type=\"wp-page\" data-elementor-id=\"5289\" class=\"elementor elementor-5289\" data-elementor-post-type=\"page\">\n\t\t\t\t<div class=\"has_eae_slider elementor-element elementor-element-03b7dfd e-flex e-con-boxed e-con e-parent\" data-eae-slider=\"15985\" data-id=\"03b7dfd\" data-element_type=\"container\">\n\t\t\t\t\t<div class=\"e-con-inner\">\n\t\t<div class=\"has_eae_slider elementor-element elementor-element-7ed01cd e-con-full e-flex e-con e-child\" data-eae-slider=\"98492\" data-id=\"7ed01cd\" data-element_type=\"container\">\n\t\t\t\t<div class=\"elementor-element elementor-element-3adad04 elementor-widget elementor-widget-text-editor\" data-id=\"3adad04\" data-element_type=\"widget\" data-widget_type=\"text-editor.default\">\n\t\t\t\t<div class=\"elementor-widget-container\">\n\t\t\t\t\t\t\t\t\t<h1>T\u00e9rminos y Condiciones<\/h1><h3><em>Al usar este sitio web, Usted est\u00e1 de acuerdo con estos t\u00e9rminos de uso. Si Usted no est\u00e1 de acuerdo con estos t\u00e9rminos de uso no debe usar este sitio web.<\/em><\/h3><p>Este sitio web es publicado y mantenido por Open Intelligence (&#8220;Open&#8221;). Al acceder, navegar o utilizar este sitio, usted acepta, sin limitaci\u00f3n o calificaci\u00f3n, los t\u00e9rminos de uso que se indican a continuaci\u00f3n. Cuando usted accede a los sub sitios que son accesibles a trav\u00e9s de este sitio, usted acepta todos los t\u00e9rminos adicionales de tales sub sitios, si estos tienen sus propias condiciones de uso. Por favor l\u00e9alos cuidadosamente. Informaci\u00f3n en este sitio puede contener imprecisiones t\u00e9cnicas o errores tipogr\u00e1ficos. Estos t\u00e9rminos y condiciones reemplazan cualquier acuerdo anterior sobre el uso y acceso al servicio y la informaci\u00f3n contenida al respecto. Open reserva el derecho de actualizar los t\u00e9rminos y condiciones en cualquier momento sin previo aviso.<\/p><h3>Sitio web informativo<\/h3><p>Este sitio web es para prop\u00f3sitos informativos solamente y no la informaci\u00f3n en \u00e9l contenida no forma parte de ninguna oferta comercial o solicitud de oferta. Si utiliza este sitio web en nombre de su empleador, usted representa y garantiza que est\u00e1 autorizado para aceptar estos t\u00e9rminos en nombre de su empleador, y que su empleador est\u00e1 de acuerdo indemnizar a Open por las violaciones de estos t\u00e9rminos.<\/p><p>Ninguna representaci\u00f3n o garant\u00eda expresa o impl\u00edcita se hace a la razonabilidad, exactitud, integridad o exactitud de cualquier informaci\u00f3n, material o comentarios contenidos en este web site.<\/p><h3>Comunicaciones electr\u00f3nicas<\/h3><p>Al registrarse, Usted da su consentimiento para recibir comunicaciones de Open electr\u00f3nicamente. Open se comunicar\u00e1 con usted por correo electr\u00f3nico. Usted acepta que todas las comunicaciones que Open env\u00ede a usted electr\u00f3nicamente satisfacen cualquier requisito legal que esas comunicaciones sean enviadas por escrito.<\/p><h3>Uso del sitio<\/h3><p>Este sitio se proporciona para su uso personal y no comercial. Todo el contenido incluido en este sitio, incluyendo, pero no limitado a cualquier texto, gr\u00e1ficos, im\u00e1genes, logotipos, iconos de bot\u00f3n, compilaciones de datos, software, audio y video (colectivamente, &#8220;materiales&#8221;), es propiedad de Open o sus proveedores de contenido, y Usted se compromete a no distribuir, intercambiar, modificar, reproducir, realizar, vender o transmitir los materiales para fines empresariales, comerciales o p\u00fablicos. Los materiales est\u00e1n protegidos por las leyes aplicables, incluyendo las leyes internacionales y de los Estados Unidos de America de derechos de autor, (copyright) y marca registrada (trademark), y cualquier uso no autorizado de cualquier material puede violar derechos de autor, marca registrada y otras leyes aplicables. Usted no puede enmarcar o utilizar t\u00e9cnicas de enmarcado para adjuntar cualquier porci\u00f3n de este sitio o cualquier material sin consentimiento expreso por escrito de Open. Usted no puede crear un hiperv\u00ednculo a este sitio sin autorizaci\u00f3n expresa de Open. Usted no puede usar ning\u00fan logo de Open u otros materiales como parte del enlace sin consentimiento expreso por escrito de Open si usted incumple alguno de estos t\u00e9rminos, su autorizaci\u00f3n para utilizar que este sitio termina autom\u00e1ticamente y deben destruir inmediatamente cualquier rescindir\u00eda de material descargado o impreso.<\/p><h3>Datos entregados por Usted<\/h3><p>En adici\u00f3n a la informaci\u00f3n personal identificable, que est\u00e1 cubierta por la pol\u00edtica de privacidad, cualquier material, informaci\u00f3n u otra comunicaci\u00f3n que usted transmita o coloque en este sitio (&#8220;comunicaciones&#8221;) se considerar\u00e1 no confidencial y no propietaria. Open no tendr\u00e1 ninguna obligaci\u00f3n con respecto a las comunicaciones. Usted entrega a Open y sus representantes un derecho no exclusivo, libre de regal\u00edas, perpetuo, irrevocable y totalmente sub-licenciable para utilizar, reproducir, modificar, adaptar, publicar, traducir, crear trabajos derivados de, distribuir y mostrar en todo el mundo en cualquier medio las comunicaciones y todos los datos, im\u00e1genes, sonidos, texto y otras cosas encarnados en ella para fines no comerciales o todos. Est\u00e1 prohibido de publicar o transmitir a o desde este sitio un material ilegal, amenazante, calumnioso, difamatorio, obsceno, pornogr\u00e1fico, invasivo de la privacidad, infracci\u00f3n de derechos de propiedad intelectual, u otro material que pueda violar cualquier ley. Open se reserva el derecho (pero no la obligaci\u00f3n) para eliminar o editar dicho contenido, pero no lo hace regularmente revisi\u00f3n publicada contenido.<\/p><h3>Enlaces a otros sitios Web<\/h3><p>Enlaces a otros sitios de Internet se proporcionan para su conveniencia \u00fanicamente y la presencia de estos enlaces no significa que Open respalda, recomienda o representa de alguna manera. Open no controla y no es responsable de tales sitios o su contenido. Open exime de toda garant\u00eda, expresa o impl\u00edcita, en cuanto a la exactitud, legalidad, fiabilidad o validez de cualquier contenido de tales sitios.<\/p><h3>Renuncia de garant\u00edas<\/h3><p>La informaci\u00f3n, materiales y servicios provistos en o a trav\u00e9s de este sitio se proporcionan &#8220;Tal cual&#8221; sin garant\u00edas de ning\u00fan tipo, expresa o impl\u00edcita, incluyendo, pero no limitadas a garant\u00edas de conformidad con las leyes aplicables, comerciabilidad, adecuaci\u00f3n para un prop\u00f3sito particular o no infracci\u00f3n de derechos de terceros incluyendo derechos de propiedad intelectual. Open no garantiza la exactitud o integridad de los materiales o servicios en o a trav\u00e9s de este sitio. Open adicionalmente no garantiza que este sitio, sus servidores o e-mail est\u00e9n libres de virus u otros componentes da\u00f1inos.<\/p><h3>Limitaci\u00f3n de responsabilidad<\/h3><p>Bajo ninguna circunstancia Open ser\u00e1 responsable por cualquier da\u00f1o directo, indirecto, incidental, consecuente, punitivo o da\u00f1o especial incluyendo, sin limitaci\u00f3n, aquellos resultantes en p\u00e9rdidas de ingresos, interrupci\u00f3n de negocios o p\u00e9rdidas de datos) resultantes del uso, imposibilidad de uso, o errores u omisiones en los contenidos o funciones de este sitio, incluso si Open o un representante autorizado de la misma ha sido advertido de la posibilidad de tales da\u00f1os. Si el uso de los materiales, informaci\u00f3n o servicios de este sitio provoca la necesidad de mantenimiento, reparaci\u00f3n o correcci\u00f3n del equipo o datos, usted asume todos los costos resultantes.<\/p>\t\t\t\t\t\t\t\t<\/div>\n\t\t\t\t<\/div>\n\t\t\t\t<\/div>\n\t\t\t\t\t<\/div>\n\t\t\t\t<\/div>\n\t\t\t\t<\/div>\n\t\t","protected":false},"excerpt":{"rendered":"","protected":false},"author":9,"featured_media":0,"parent":0,"menu_order":0,"comment_status":"closed","ping_status":"closed","template":"","meta":{"_acf_changed":false,"footnotes":""},"class_list":["post-5289","page","type-page","status-publish"],"acf":[],"yoast_head":"<!-- This site is optimized with the Yoast SEO Premium plugin v23.4 (Yoast SEO v26.7) - https:\/\/yoast.com\/wordpress\/plugins\/seo\/ -->\n<title>T\u00e9rminos y condiciones | Open Intelligence<\/title>\n<meta name=\"robots\" content=\"index, follow, max-snippet:-1, max-image-preview:large, max-video-preview:-1\" \/>\n<link rel=\"canonical\" href=\"https:\/\/www.openintl.com\/es\/terminos-y-condiciones\/\" \/>\n<meta property=\"og:locale\" content=\"es_ES\" \/>\n<meta property=\"og:type\" content=\"article\" \/>\n<meta property=\"og:title\" content=\"T\u00e9rminos y condiciones\" \/>\n<meta property=\"og:url\" content=\"https:\/\/www.openintl.com\/es\/terminos-y-condiciones\/\" \/>\n<meta property=\"og:site_name\" content=\"Open Intelligence\" \/>\n<meta property=\"article:publisher\" content=\"https:\/\/www.facebook.com\/OpenSmartflex\/\" \/>\n<meta property=\"article:modified_time\" content=\"2025-05-08T20:54:51+00:00\" \/>\n<meta name=\"twitter:card\" content=\"summary_large_image\" \/>\n<meta name=\"twitter:site\" content=\"@opensmartflex\" \/>\n<meta name=\"twitter:label1\" content=\"Tiempo de lectura\" \/>\n\t<meta name=\"twitter:data1\" content=\"5 minutos\" \/>\n<script type=\"application\/ld+json\" class=\"yoast-schema-graph\">{\"@context\":\"https:\/\/schema.org\",\"@graph\":[{\"@type\":\"WebPage\",\"@id\":\"https:\/\/www.openintl.com\/es\/terminos-y-condiciones\/\",\"url\":\"https:\/\/www.openintl.com\/es\/terminos-y-condiciones\/\",\"name\":\"T\u00e9rminos y condiciones | Open Intelligence\",\"isPartOf\":{\"@id\":\"\/#website\"},\"datePublished\":\"2017-06-28T14:04:24+00:00\",\"dateModified\":\"2025-05-08T20:54:51+00:00\",\"breadcrumb\":{\"@id\":\"https:\/\/www.openintl.com\/es\/terminos-y-condiciones\/#breadcrumb\"},\"inLanguage\":\"es\",\"potentialAction\":[{\"@type\":\"ReadAction\",\"target\":[\"https:\/\/www.openintl.com\/es\/terminos-y-condiciones\/\"]}]},{\"@type\":\"BreadcrumbList\",\"@id\":\"https:\/\/www.openintl.com\/es\/terminos-y-condiciones\/#breadcrumb\",\"itemListElement\":[{\"@type\":\"ListItem\",\"position\":1,\"name\":\"Home\",\"item\":\"https:\/\/www.openintl.com\/es\/\"},{\"@type\":\"ListItem\",\"position\":2,\"name\":\"T\u00e9rminos y condiciones\"}]},{\"@type\":\"WebSite\",\"@id\":\"\/#website\",\"url\":\"\/\",\"name\":\"Open Intelligence\",\"description\":\"Software for utility companies\",\"publisher\":{\"@id\":\"\/#organization\"},\"alternateName\":\"Open\",\"potentialAction\":[{\"@type\":\"SearchAction\",\"target\":{\"@type\":\"EntryPoint\",\"urlTemplate\":\"\/?s={search_term_string}\"},\"query-input\":{\"@type\":\"PropertyValueSpecification\",\"valueRequired\":true,\"valueName\":\"search_term_string\"}}],\"inLanguage\":\"es\"},{\"@type\":\"Organization\",\"@id\":\"\/#organization\",\"name\":\"Open Intelligence\",\"url\":\"\/\",\"logo\":{\"@type\":\"ImageObject\",\"inLanguage\":\"es\",\"@id\":\"\/#\/schema\/logo\/image\/\",\"url\":\"https:\/\/www.openintl.com\/wp-content\/uploads\/2022\/09\/cropped-color-open-intelligence-logo-1.png\",\"contentUrl\":\"https:\/\/www.openintl.com\/wp-content\/uploads\/2022\/09\/cropped-color-open-intelligence-logo-1.png\",\"width\":974,\"height\":378,\"caption\":\"Open Intelligence\"},\"image\":{\"@id\":\"\/#\/schema\/logo\/image\/\"},\"sameAs\":[\"https:\/\/www.facebook.com\/OpenSmartflex\/\",\"https:\/\/x.com\/opensmartflex\",\"https:\/\/www.linkedin.com\/company\/weareopenintelligence\",\"https:\/\/www.youtube.com\/channel\/UCHpHSdiqVTs0OvdEYJxCqiQ\"]}]}<\/script>\n<!-- \/ Yoast SEO Premium plugin. -->","yoast_head_json":{"title":"T\u00e9rminos y condiciones | Open Intelligence","robots":{"index":"index","follow":"follow","max-snippet":"max-snippet:-1","max-image-preview":"max-image-preview:large","max-video-preview":"max-video-preview:-1"},"canonical":"https:\/\/www.openintl.com\/es\/terminos-y-condiciones\/","og_locale":"es_ES","og_type":"article","og_title":"T\u00e9rminos y condiciones","og_url":"https:\/\/www.openintl.com\/es\/terminos-y-condiciones\/","og_site_name":"Open Intelligence","article_publisher":"https:\/\/www.facebook.com\/OpenSmartflex\/","article_modified_time":"2025-05-08T20:54:51+00:00","twitter_card":"summary_large_image","twitter_site":"@opensmartflex","twitter_misc":{"Tiempo de lectura":"5 minutos"},"schema":{"@context":"https:\/\/schema.org","@graph":[{"@type":"WebPage","@id":"https:\/\/www.openintl.com\/es\/terminos-y-condiciones\/","url":"https:\/\/www.openintl.com\/es\/terminos-y-condiciones\/","name":"T\u00e9rminos y condiciones | Open Intelligence","isPartOf":{"@id":"\/#website"},"datePublished":"2017-06-28T14:04:24+00:00","dateModified":"2025-05-08T20:54:51+00:00","breadcrumb":{"@id":"https:\/\/www.openintl.com\/es\/terminos-y-condiciones\/#breadcrumb"},"inLanguage":"es","potentialAction":[{"@type":"ReadAction","target":["https:\/\/www.openintl.com\/es\/terminos-y-condiciones\/"]}]},{"@type":"BreadcrumbList","@id":"https:\/\/www.openintl.com\/es\/terminos-y-condiciones\/#breadcrumb","itemListElement":[{"@type":"ListItem","position":1,"name":"Home","item":"https:\/\/www.openintl.com\/es\/"},{"@type":"ListItem","position":2,"name":"T\u00e9rminos y condiciones"}]},{"@type":"WebSite","@id":"\/#website","url":"\/","name":"Open Intelligence","description":"Software for utility companies","publisher":{"@id":"\/#organization"},"alternateName":"Open","potentialAction":[{"@type":"SearchAction","target":{"@type":"EntryPoint","urlTemplate":"\/?s={search_term_string}"},"query-input":{"@type":"PropertyValueSpecification","valueRequired":true,"valueName":"search_term_string"}}],"inLanguage":"es"},{"@type":"Organization","@id":"\/#organization","name":"Open Intelligence","url":"\/","logo":{"@type":"ImageObject","inLanguage":"es","@id":"\/#\/schema\/logo\/image\/","url":"https:\/\/www.openintl.com\/wp-content\/uploads\/2022\/09\/cropped-color-open-intelligence-logo-1.png","contentUrl":"https:\/\/www.openintl.com\/wp-content\/uploads\/2022\/09\/cropped-color-open-intelligence-logo-1.png","width":974,"height":378,"caption":"Open Intelligence"},"image":{"@id":"\/#\/schema\/logo\/image\/"},"sameAs":["https:\/\/www.facebook.com\/OpenSmartflex\/","https:\/\/x.com\/opensmartflex","https:\/\/www.linkedin.com\/company\/weareopenintelligence","https:\/\/www.youtube.com\/channel\/UCHpHSdiqVTs0OvdEYJxCqiQ"]}]}},"_links":{"self":[{"href":"https:\/\/www.openintl.com\/es\/wp-json\/wp\/v2\/pages\/5289","targetHints":{"allow":["GET"]}}],"collection":[{"href":"https:\/\/www.openintl.com\/es\/wp-json\/wp\/v2\/pages"}],"about":[{"href":"https:\/\/www.openintl.com\/es\/wp-json\/wp\/v2\/types\/page"}],"author":[{"embeddable":true,"href":"https:\/\/www.openintl.com\/es\/wp-json\/wp\/v2\/users\/9"}],"replies":[{"embeddable":true,"href":"https:\/\/www.openintl.com\/es\/wp-json\/wp\/v2\/comments?post=5289"}],"version-history":[{"count":2,"href":"https:\/\/www.openintl.com\/es\/wp-json\/wp\/v2\/pages\/5289\/revisions"}],"predecessor-version":[{"id":40571,"href":"https:\/\/www.openintl.com\/es\/wp-json\/wp\/v2\/pages\/5289\/revisions\/40571"}],"wp:attachment":[{"href":"https:\/\/www.openintl.com\/es\/wp-json\/wp\/v2\/media?parent=5289"}],"curies":[{"name":"wp","href":"https:\/\/api.w.org\/{rel}","templated":true}]}}