{"id":5304,"date":"2017-06-28T09:34:11","date_gmt":"2017-06-28T14:34:11","guid":{"rendered":"https:\/\/www.openintl.com\/ambienteWordpress\/legal\/"},"modified":"2020-12-17T10:36:28","modified_gmt":"2020-12-17T15:36:28","slug":"legal","status":"publish","type":"page","link":"https:\/\/www.openintl.com\/es\/legal\/","title":{"rendered":"Legal"},"content":{"rendered":"\t\t<div data-elementor-type=\"wp-page\" data-elementor-id=\"5304\" class=\"elementor elementor-5304 elementor-4107\" data-elementor-post-type=\"page\">\n\t\t\t\t\t\t<section class=\"has_eae_slider elementor-section elementor-top-section elementor-element elementor-element-3f84f70a elementor-section-boxed elementor-section-height-default elementor-section-height-default\" data-eae-slider=\"87616\" data-id=\"3f84f70a\" data-element_type=\"section\">\n\t\t\t\t\t\t<div class=\"elementor-container elementor-column-gap-default\">\n\t\t\t\t\t<div class=\"has_eae_slider elementor-column elementor-col-100 elementor-top-column elementor-element elementor-element-1ef69a5d\" data-eae-slider=\"5026\" data-id=\"1ef69a5d\" data-element_type=\"column\">\n\t\t\t<div class=\"elementor-widget-wrap elementor-element-populated\">\n\t\t\t\t\t\t<div class=\"elementor-element elementor-element-5a6acb09 elementor-widget elementor-widget-text-editor\" data-id=\"5a6acb09\" data-element_type=\"widget\" data-widget_type=\"text-editor.default\">\n\t\t\t\t<div class=\"elementor-widget-container\">\n\t\t\t\t\t\t\t\t\t<h1>Legal<\/h1><p>Todo el contenido disponible en esta p\u00e1gina como texto, gr\u00e1ficos, logos, \u00edconos, im\u00e1genes, clips de audio, clips de video y\/u otro contenido (conocido como \u00a8contenido\u00a8), es propiedad de Open Intelligence, \u201cOpen\u201d y est\u00e1 protegido por leyes de autor (Copyright) Internacionales y de los Estados Unidos de Am\u00e9rica. La compilaci\u00f3n (la recopilaci\u00f3n, organizaci\u00f3n, y montaje) de todo el Contenido del sitio es propiedad exclusiva de Open y est\u00e1 protegido por leyes de derechos de autor Internacionales y de los Estados Unidos de Am\u00e9rica. Open se reserva el derecho a eliminar todo el Contenido, de cualquier fuente, en cualquier momento y a cualquier hora, por cualquier motivo (incluyendo pero no limitado a reclamos o alegaciones hechos por terceros relativa al Contenido), o sin motivo cualquiera.<br \/>Todo el software usado o provisto por Open en conexi\u00f3n con este sitio o software propietario y servicios asociados (conocido como \u00a8Servicio\u00a8), es propiedad de Open y\/o sus proveedores de software, y est\u00e1 protegido por leyes de derechos de autor Internacionales y de los Estados Unidos de Am\u00e9rica. El Contenido y Servicio podr\u00e1 ser usado \u00fanicamente para uso personal y no comercial y solo para fines informativos.<br \/>Cualquier otro uso, salvo autorizaci\u00f3n por escrito por Open o seg\u00fan lo permitido en el sitio, incluida la definici\u00f3n, la vinculaci\u00f3n, la reproducci\u00f3n, modificaci\u00f3n, distribuci\u00f3n, transmisi\u00f3n, republicaci\u00f3n, exhibici\u00f3n o ejecuci\u00f3n, del contenido de este sitio est\u00e1 estrictamente prohibido.<\/p><h3>Aviso de Copyright<\/h3><p>Copyright \u00a92016 Open. Todos los derechos reservados.<\/p><h3>Marcas Comerciales<\/h3><p>El nombre de Open y otros gr\u00e1ficos, logotipos, y nombres de servicio de Open son marcas registradas de Open. Las marcas comerciales de Open no pueden ser utilizadas en conexi\u00f3n con cualquier producto o servicio que no sea de Open, y de ninguna manera que pueda causar confusi\u00f3n entre los clientes, o de ninguna manera que menosprecie o desacredite a Open.<\/p><h3>Reserva de Derechos<\/h3><p>Salvo que sea expresado, y sin ambig\u00fcedad, en este documento, Open y sus proveedores no le otorgan ning\u00fan derecho expl\u00edcita o impl\u00edcita bajo ninguna patente, Copyright, marcas, secretos comerciales u otros derechos de propiedad intelectual o industrial.<\/p><h3>Contacto \/ Direcci\u00f3n de Avisos legales<\/h3><p>Open Intelligence, USA<strong>:<\/strong><br \/>13019 Mar Street Coral Gables, FL 33156<br \/>Phone: +1 305 265 0310<\/p><p>www.openintl.com<\/p><p>legal@openintl.com<\/p>\t\t\t\t\t\t\t\t<\/div>\n\t\t\t\t<\/div>\n\t\t\t\t\t<\/div>\n\t\t<\/div>\n\t\t\t\t\t<\/div>\n\t\t<\/section>\n\t\t\t\t<\/div>\n\t\t","protected":false},"excerpt":{"rendered":"","protected":false},"author":9,"featured_media":0,"parent":0,"menu_order":0,"comment_status":"closed","ping_status":"closed","template":"","meta":{"_acf_changed":false,"footnotes":""},"class_list":["post-5304","page","type-page","status-publish"],"acf":[],"yoast_head":"<!-- This site is optimized with the Yoast SEO Premium plugin v23.4 (Yoast SEO v26.7) - https:\/\/yoast.com\/wordpress\/plugins\/seo\/ -->\n<title>Legal | Open Intelligence<\/title>\n<meta name=\"robots\" content=\"index, follow, max-snippet:-1, max-image-preview:large, max-video-preview:-1\" \/>\n<link rel=\"canonical\" href=\"https:\/\/www.openintl.com\/es\/legal\/\" \/>\n<meta property=\"og:locale\" content=\"es_ES\" \/>\n<meta property=\"og:type\" content=\"article\" \/>\n<meta property=\"og:title\" content=\"Legal\" \/>\n<meta property=\"og:url\" content=\"https:\/\/www.openintl.com\/es\/legal\/\" \/>\n<meta property=\"og:site_name\" content=\"Open Intelligence\" \/>\n<meta property=\"article:publisher\" content=\"https:\/\/www.facebook.com\/OpenSmartflex\/\" \/>\n<meta property=\"article:modified_time\" content=\"2020-12-17T15:36:28+00:00\" \/>\n<meta name=\"twitter:card\" content=\"summary_large_image\" \/>\n<meta name=\"twitter:site\" content=\"@opensmartflex\" \/>\n<meta name=\"twitter:label1\" content=\"Tiempo de lectura\" \/>\n\t<meta name=\"twitter:data1\" content=\"2 minutos\" \/>\n<script type=\"application\/ld+json\" class=\"yoast-schema-graph\">{\"@context\":\"https:\/\/schema.org\",\"@graph\":[{\"@type\":\"WebPage\",\"@id\":\"https:\/\/www.openintl.com\/es\/legal\/\",\"url\":\"https:\/\/www.openintl.com\/es\/legal\/\",\"name\":\"Legal | Open Intelligence\",\"isPartOf\":{\"@id\":\"\/#website\"},\"datePublished\":\"2017-06-28T14:34:11+00:00\",\"dateModified\":\"2020-12-17T15:36:28+00:00\",\"breadcrumb\":{\"@id\":\"https:\/\/www.openintl.com\/es\/legal\/#breadcrumb\"},\"inLanguage\":\"es\",\"potentialAction\":[{\"@type\":\"ReadAction\",\"target\":[\"https:\/\/www.openintl.com\/es\/legal\/\"]}]},{\"@type\":\"BreadcrumbList\",\"@id\":\"https:\/\/www.openintl.com\/es\/legal\/#breadcrumb\",\"itemListElement\":[{\"@type\":\"ListItem\",\"position\":1,\"name\":\"Home\",\"item\":\"https:\/\/www.openintl.com\/es\/\"},{\"@type\":\"ListItem\",\"position\":2,\"name\":\"Legal\"}]},{\"@type\":\"WebSite\",\"@id\":\"\/#website\",\"url\":\"\/\",\"name\":\"Open Intelligence\",\"description\":\"Software for utility companies\",\"publisher\":{\"@id\":\"\/#organization\"},\"alternateName\":\"Open\",\"potentialAction\":[{\"@type\":\"SearchAction\",\"target\":{\"@type\":\"EntryPoint\",\"urlTemplate\":\"\/?s={search_term_string}\"},\"query-input\":{\"@type\":\"PropertyValueSpecification\",\"valueRequired\":true,\"valueName\":\"search_term_string\"}}],\"inLanguage\":\"es\"},{\"@type\":\"Organization\",\"@id\":\"\/#organization\",\"name\":\"Open Intelligence\",\"url\":\"\/\",\"logo\":{\"@type\":\"ImageObject\",\"inLanguage\":\"es\",\"@id\":\"\/#\/schema\/logo\/image\/\",\"url\":\"https:\/\/www.openintl.com\/wp-content\/uploads\/2022\/09\/cropped-color-open-intelligence-logo-1.png\",\"contentUrl\":\"https:\/\/www.openintl.com\/wp-content\/uploads\/2022\/09\/cropped-color-open-intelligence-logo-1.png\",\"width\":974,\"height\":378,\"caption\":\"Open Intelligence\"},\"image\":{\"@id\":\"\/#\/schema\/logo\/image\/\"},\"sameAs\":[\"https:\/\/www.facebook.com\/OpenSmartflex\/\",\"https:\/\/x.com\/opensmartflex\",\"https:\/\/www.linkedin.com\/company\/weareopenintelligence\",\"https:\/\/www.youtube.com\/channel\/UCHpHSdiqVTs0OvdEYJxCqiQ\"]}]}<\/script>\n<!-- \/ Yoast SEO Premium plugin. -->","yoast_head_json":{"title":"Legal | Open Intelligence","robots":{"index":"index","follow":"follow","max-snippet":"max-snippet:-1","max-image-preview":"max-image-preview:large","max-video-preview":"max-video-preview:-1"},"canonical":"https:\/\/www.openintl.com\/es\/legal\/","og_locale":"es_ES","og_type":"article","og_title":"Legal","og_url":"https:\/\/www.openintl.com\/es\/legal\/","og_site_name":"Open Intelligence","article_publisher":"https:\/\/www.facebook.com\/OpenSmartflex\/","article_modified_time":"2020-12-17T15:36:28+00:00","twitter_card":"summary_large_image","twitter_site":"@opensmartflex","twitter_misc":{"Tiempo de lectura":"2 minutos"},"schema":{"@context":"https:\/\/schema.org","@graph":[{"@type":"WebPage","@id":"https:\/\/www.openintl.com\/es\/legal\/","url":"https:\/\/www.openintl.com\/es\/legal\/","name":"Legal | Open Intelligence","isPartOf":{"@id":"\/#website"},"datePublished":"2017-06-28T14:34:11+00:00","dateModified":"2020-12-17T15:36:28+00:00","breadcrumb":{"@id":"https:\/\/www.openintl.com\/es\/legal\/#breadcrumb"},"inLanguage":"es","potentialAction":[{"@type":"ReadAction","target":["https:\/\/www.openintl.com\/es\/legal\/"]}]},{"@type":"BreadcrumbList","@id":"https:\/\/www.openintl.com\/es\/legal\/#breadcrumb","itemListElement":[{"@type":"ListItem","position":1,"name":"Home","item":"https:\/\/www.openintl.com\/es\/"},{"@type":"ListItem","position":2,"name":"Legal"}]},{"@type":"WebSite","@id":"\/#website","url":"\/","name":"Open Intelligence","description":"Software for utility companies","publisher":{"@id":"\/#organization"},"alternateName":"Open","potentialAction":[{"@type":"SearchAction","target":{"@type":"EntryPoint","urlTemplate":"\/?s={search_term_string}"},"query-input":{"@type":"PropertyValueSpecification","valueRequired":true,"valueName":"search_term_string"}}],"inLanguage":"es"},{"@type":"Organization","@id":"\/#organization","name":"Open Intelligence","url":"\/","logo":{"@type":"ImageObject","inLanguage":"es","@id":"\/#\/schema\/logo\/image\/","url":"https:\/\/www.openintl.com\/wp-content\/uploads\/2022\/09\/cropped-color-open-intelligence-logo-1.png","contentUrl":"https:\/\/www.openintl.com\/wp-content\/uploads\/2022\/09\/cropped-color-open-intelligence-logo-1.png","width":974,"height":378,"caption":"Open Intelligence"},"image":{"@id":"\/#\/schema\/logo\/image\/"},"sameAs":["https:\/\/www.facebook.com\/OpenSmartflex\/","https:\/\/x.com\/opensmartflex","https:\/\/www.linkedin.com\/company\/weareopenintelligence","https:\/\/www.youtube.com\/channel\/UCHpHSdiqVTs0OvdEYJxCqiQ"]}]}},"_links":{"self":[{"href":"https:\/\/www.openintl.com\/es\/wp-json\/wp\/v2\/pages\/5304","targetHints":{"allow":["GET"]}}],"collection":[{"href":"https:\/\/www.openintl.com\/es\/wp-json\/wp\/v2\/pages"}],"about":[{"href":"https:\/\/www.openintl.com\/es\/wp-json\/wp\/v2\/types\/page"}],"author":[{"embeddable":true,"href":"https:\/\/www.openintl.com\/es\/wp-json\/wp\/v2\/users\/9"}],"replies":[{"embeddable":true,"href":"https:\/\/www.openintl.com\/es\/wp-json\/wp\/v2\/comments?post=5304"}],"version-history":[{"count":0,"href":"https:\/\/www.openintl.com\/es\/wp-json\/wp\/v2\/pages\/5304\/revisions"}],"wp:attachment":[{"href":"https:\/\/www.openintl.com\/es\/wp-json\/wp\/v2\/media?parent=5304"}],"curies":[{"name":"wp","href":"https:\/\/api.w.org\/{rel}","templated":true}]}}