{"id":6297,"date":"2017-08-10T10:16:45","date_gmt":"2017-08-10T15:16:45","guid":{"rendered":"https:\/\/www.openintl.com\/ambienteWordpress\/cookie-policy\/"},"modified":"2025-05-20T12:39:55","modified_gmt":"2025-05-20T17:39:55","slug":"politica-cookies","status":"publish","type":"page","link":"https:\/\/www.openintl.com\/es\/politica-cookies\/","title":{"rendered":"Pol\u00edtica de cookies"},"content":{"rendered":"\t\t<div data-elementor-type=\"wp-page\" data-elementor-id=\"6297\" class=\"elementor elementor-6297\" data-elementor-post-type=\"page\">\n\t\t\t\t<div class=\"has_eae_slider elementor-element elementor-element-c543ad0 e-flex e-con-boxed e-con e-parent\" data-eae-slider=\"36905\" data-id=\"c543ad0\" data-element_type=\"container\">\n\t\t\t\t\t<div class=\"e-con-inner\">\n\t\t<div class=\"has_eae_slider elementor-element elementor-element-4ed7688 e-con-full e-flex e-con e-child\" data-eae-slider=\"18050\" data-id=\"4ed7688\" data-element_type=\"container\">\n\t\t\t\t<div class=\"elementor-element elementor-element-fd604ee elementor-widget elementor-widget-text-editor\" data-id=\"fd604ee\" data-element_type=\"widget\" data-widget_type=\"text-editor.default\">\n\t\t\t\t<div class=\"elementor-widget-container\">\n\t\t\t\t\t\t\t\t\t<h1>Pol\u00edtica de Cookies<\/h1><h3>\u00bfQu\u00e9 son las cookies?<\/h3><div class=\"cookie-policy-p\"><p>Una cookie es un archivo o dispositivo que se descarga en el equipo terminal de un usuario con la finalidad de almacenar datos que podr\u00e1n ser actualizados y recuperados por la entidad responsable de su instalaci\u00f3n. Es decir, es un fichero que se descarga en su ordenador al acceder a determinadas p\u00e1ginas web. Las cookies permiten a una p\u00e1gina web, entre otras cosas, almacenar y recuperar informaci\u00f3n sobre los h\u00e1bitos de navegaci\u00f3n de un usuario o de su equipo y, dependiendo de la informaci\u00f3n que contengan y de la forma en que utilice su equipo, pueden utilizarse para reconocer al usuario.<\/p><\/div><h3>Tipolog\u00eda de Cookies<\/h3><div class=\"cookie-policy-p\"><p>Existen diferentes tipos de cookies en funci\u00f3n, sobre todo, de la naturaleza de estas, as\u00ed se clasifican para t\u00edtulo orientativo, entre otras, las siguientes:<\/p><p><strong>Seg\u00fan el plazo de tiempo:<\/strong><\/p><p style=\"padding-left: 40px;\">&#8211; Cookies de sesi\u00f3n: son aquellas dise\u00f1adas para recabar y almacenar datos mientras el usuario accede a una p\u00e1gina web. Se suelen emplear para almacenar informaci\u00f3n que solo interesa conservar para la prestaci\u00f3n del servicio solicitado por el usuario en una sola ocasi\u00f3n (por ejemplo, una lista de productos adquiridos) y desaparecen al terminar la sesi\u00f3n.<\/p><p style=\"padding-left: 40px;\">&#8211; Cookies persistentes: son aquellas en las que los datos siguen almacenados en el terminal y pueden ser accedidos y tratados durante un periodo definido por el responsable de la cookie, y que puede ir de unos minutos a varios a\u00f1os.<\/p><p><strong>Seg\u00fan su finalidad:<\/strong><\/p><p style=\"padding-left: 40px;\">&#8211; Cookies t\u00e9cnicas: son aquellas que permiten al usuario la navegaci\u00f3n a trav\u00e9s de una p\u00e1gina web, plataforma o aplicaci\u00f3n y la utilizaci\u00f3n de las diferentes opciones o servicios que en ella existan, incluyendo aquellas que el editor utiliza para permitir la gesti\u00f3n y operativa de la p\u00e1gina web y habilitar sus funciones y servicios (como por ejemplo, controlar el tr\u00e1fico y la comunicaci\u00f3n de datos, identificar la sesi\u00f3n, acceder a partes de acceso restringido y finalidades similares de naturaleza t\u00e9cnica).<\/p><p style=\"padding-left: 40px;\">&#8211; Cookies de personalizaci\u00f3n: son aquellas que permiten recordar informaci\u00f3n para que el usuario acceda al servicio con determinadas caracter\u00edsticas que pueden diferenciar su experiencia de la de otros usuarios, como, por ejemplo, el idioma, el n\u00famero de resultados a mostrar cuando el usuario realiza una b\u00fasqueda, el aspecto o contenido del servicio en funci\u00f3n del tipo de navegador a trav\u00e9s del cual el usuario accede al servicio o de la regi\u00f3n desde la que accede al servicio, etc.<\/p><p style=\"padding-left: 40px;\">&#8211; Cookies de an\u00e1lisis: son aquellas que permiten al responsable de estas el seguimiento y an\u00e1lisis del comportamiento de los usuarios de los sitios web a los que est\u00e1n vinculadas, incluida la cuantificaci\u00f3n de los impactos de los anuncios. La informaci\u00f3n recogida mediante este tipo de cookies se utiliza en la medici\u00f3n de la actividad de los sitios web, aplicaci\u00f3n o plataforma, con el fin de introducir mejoras en funci\u00f3n del an\u00e1lisis de los datos de uso que hacen los usuarios del servicio.<\/p><p style=\"padding-left: 40px;\">&#8211; Cookies de publicidad comportamental: son aquellas que almacenan informaci\u00f3n del comportamiento de los usuarios obtenida a trav\u00e9s de la observaci\u00f3n continuada de sus h\u00e1bitos<\/p><p style=\"padding-left: 40px;\">de navegaci\u00f3n, lo que permite desarrollar un perfil espec\u00edfico para mostrar publicidad en funci\u00f3n de este.<\/p><p><strong>Seg\u00fan la entidad que las gestiona:<\/strong><\/p><p style=\"padding-left: 40px;\">&#8211; Cookies propias: son aquellas que se env\u00edan al equipo terminal del usuario desde un equipo o dominio gestionado por el propio editor y desde el que se presta el servicio solicitado por el usuario.<\/p><p style=\"padding-left: 40px;\">&#8211; Cookies de tercero: son aquellas que se env\u00edan al equipo terminal del usuario desde un equipo o dominio que no es gestionando por el editor, sino que por otra entidad que trata los datos obtenidos a trav\u00e9s de las cookies.<\/p><\/div><h3>\u00bfQu\u00e9 tipo de cookies utiliza esta p\u00e1gina web?<\/h3><p>La presente p\u00e1gina web est\u00e1 utilizando cookies que permiten facilitar al usuario el uso y la navegaci\u00f3n a trav\u00e9s de esta, garantizar el acceso a determinados servicios, as\u00ed como mejorar la configuraci\u00f3n funcional de la web.<\/p><p>Concretamente, esta p\u00e1gina web utiliza las siguientes cookies:<\/p>\t\t\t\t\t\t\t\t<\/div>\n\t\t\t\t<\/div>\n\t\t\t\t<div class=\"elementor-element elementor-element-58fe57d elementor-widget elementor-widget-html\" data-id=\"58fe57d\" data-element_type=\"widget\" data-widget_type=\"html.default\">\n\t\t\t\t<div class=\"elementor-widget-container\">\n\t\t\t\t\t<div class= \"cky-audit-table-element\"><\/div>\t\t\t\t<\/div>\n\t\t\t\t<\/div>\n\t\t\t\t<div class=\"elementor-element elementor-element-149b9f6 elementor-widget elementor-widget-text-editor\" data-id=\"149b9f6\" data-element_type=\"widget\" data-widget_type=\"text-editor.default\">\n\t\t\t\t<div class=\"elementor-widget-container\">\n\t\t\t\t\t\t\t\t\t<h3>\u00bfC\u00f3mo gestionar la configuraci\u00f3n de las cookies?<\/h3>\t\t\t\t\t\t\t\t<\/div>\n\t\t\t\t<\/div>\n\t\t\t\t<div class=\"elementor-element elementor-element-faf4816 elementor-widget elementor-widget-html\" data-id=\"faf4816\" data-element_type=\"widget\" data-widget_type=\"html.default\">\n\t\t\t\t<div class=\"elementor-widget-container\">\n\t\t\t\t\t<style>\n.cky-banner-element {\n    color: white !important;\n    background-color: var(--e-global-color-accent) !important;\n    cursor: pointer;\n}\n.cky-banner-element:hover {\n    background-color: var(--e-global-color-df6d237) !important;\n}\n<\/style>\n\n\n<a class=\"elementor-button elementor-button-link elementor-size-sm cky-banner-element\" style=\"\">CONFIGURACI\u00d3N DE COOKIES<\/a> <br\/>\n\t\t\t\t<\/div>\n\t\t\t\t<\/div>\n\t\t\t\t<div class=\"elementor-element elementor-element-08b7c3c elementor-widget elementor-widget-text-editor\" data-id=\"08b7c3c\" data-element_type=\"widget\" data-widget_type=\"text-editor.default\">\n\t\t\t\t<div class=\"elementor-widget-container\">\n\t\t\t\t\t\t\t\t\t<p>Puede cambiar sus preferencias de cookies de nuestro website en cualquier momento haciendo clic en el bot\u00f3n anterior. Esto le permitir\u00e1 volver a ver el banner de consentimiento de cookies y cambiar sus preferencias o retirar su consentimiento de inmediato.<\/p><p>Adem\u00e1s de esto, en el presente apartado se lleva a cabo una breve exposici\u00f3n de c\u00f3mo consultar y llevar a cabo la configuraci\u00f3n del sistema de cookies en relaci\u00f3n con los navegadores m\u00e1s comunes o utilizados por los usuarios<\/p><p>En este sentido, pr\u00e1cticamente todos los navegadores permiten al usuario obtener informaci\u00f3n general sobre las cookies instaladas en una p\u00e1gina web, concretamente verificar la existencia de estas, su duraci\u00f3n o el sistema de eliminaci\u00f3n. En este sentido, a t\u00edtulo informativo, se facilitan una serie de enlaces relacionados:<\/p><p>Chrome:\u00a0<a href=\"https:\/\/support.google.com\/accounts\/answer\/32050\" target=\"_blank\" rel=\"noopener\">https:\/\/support.google.com\/accounts\/answer\/32050<\/a><\/p><p>Safari:\u00a0<a href=\"https:\/\/support.apple.com\/en-in\/guide\/safari\/sfri11471\/mac\" target=\"_blank\" rel=\"noopener\">https:\/\/support.apple.com\/en-in\/guide\/safari\/sfri11471\/mac<\/a><\/p><p>Firefox:\u00a0<a href=\"https:\/\/support.mozilla.org\/en-US\/kb\/clear-cookies-and-site-data-firefox?redirectslug=delete-cookies-remove-info-websites-stored&amp;redirectlocale=en-US\" target=\"_blank\" rel=\"noopener\">https:\/\/support.mozilla.org\/en-US\/kb\/clear-cookies-and-site-data-firefox?redirectslug=delete-cookies-remove-info-websites-stored&amp;redirectlocale=en-US<\/a><\/p><p>Internet Explorer:\u00a0<a href=\"https:\/\/support.microsoft.com\/en-us\/topic\/how-to-delete-cookie-files-in-internet-explorer-bca9446f-d873-78de-77ba-d42645fa52fc\" target=\"_blank\" rel=\"noopener\">https:\/\/support.microsoft.com\/en-us\/topic\/how-to-delete-cookie-files-in-internet-explorer-bca9446f-d873-78de-77ba-d42645fa52fc<\/a><\/p><p>Por otra parte, el usuario podr\u00e1 permitir, bloquear o eliminar las cookies instaladas en su equipo modificando la configuraci\u00f3n de su navegador conforme a las instrucciones indicadas en el mismo. A t\u00edtulo informativo se indica que habitualmente la configuraci\u00f3n de las cookies se suele llevar a cabo en el men\u00fa \u201cPreferencias\u201d o \u201cHerramientas\u201d de cada navegador, en cualquier caso, siempre podr\u00e1 acudir a la ayuda de su navegador para solucionar o solventar las dudas que se le generen al respecto.<\/p><p>Conviene tener en cuenta que, si se impide la instalaci\u00f3n de todas las cookies, el contenido de la web, as\u00ed como determinadas funcionalidades y servicios facilitados por la misma pueden verse afectados.<\/p><h3>Periodo de conservaci\u00f3n<\/h3><p>La conservaci\u00f3n de los datos recogidos a trav\u00e9s de las cookies estar\u00e1 relacionada en funci\u00f3n de la finalidad por la cual se recaba, sin perjuicio de lo establecido legalmente.<\/p><p>Para m\u00e1s informaci\u00f3n acerca del tratamiento de datos personales puede consultar nuestra <a href=\"https:\/\/www.openintl.com\/\/es\/politicas-de-privacidad-espana\/\">Pol\u00edtica de Privacidad<\/a>.<\/p>\t\t\t\t\t\t\t\t<\/div>\n\t\t\t\t<\/div>\n\t\t\t\t<\/div>\n\t\t\t\t\t<\/div>\n\t\t\t\t<\/div>\n\t\t\t\t<\/div>\n\t\t","protected":false},"excerpt":{"rendered":"","protected":false},"author":9,"featured_media":0,"parent":0,"menu_order":0,"comment_status":"closed","ping_status":"closed","template":"","meta":{"_acf_changed":false,"footnotes":""},"class_list":["post-6297","page","type-page","status-publish"],"acf":[],"yoast_head":"<!-- This site is optimized with the Yoast SEO Premium plugin v23.4 (Yoast SEO v26.7) - https:\/\/yoast.com\/wordpress\/plugins\/seo\/ -->\n<title>Pol\u00edtica de cookies | Open Intelligence<\/title>\n<meta name=\"robots\" content=\"index, follow, max-snippet:-1, max-image-preview:large, max-video-preview:-1\" \/>\n<link rel=\"canonical\" href=\"https:\/\/www.openintl.com\/es\/politica-cookies\/\" \/>\n<meta property=\"og:locale\" content=\"es_ES\" \/>\n<meta property=\"og:type\" content=\"article\" \/>\n<meta property=\"og:title\" content=\"Pol\u00edtica de cookies\" \/>\n<meta property=\"og:url\" content=\"https:\/\/www.openintl.com\/es\/politica-cookies\/\" \/>\n<meta property=\"og:site_name\" content=\"Open Intelligence\" \/>\n<meta property=\"article:publisher\" content=\"https:\/\/www.facebook.com\/OpenSmartflex\/\" \/>\n<meta property=\"article:modified_time\" content=\"2025-05-20T17:39:55+00:00\" \/>\n<meta name=\"twitter:card\" content=\"summary_large_image\" \/>\n<meta name=\"twitter:site\" content=\"@opensmartflex\" \/>\n<meta name=\"twitter:label1\" content=\"Tiempo de lectura\" \/>\n\t<meta name=\"twitter:data1\" content=\"5 minutos\" \/>\n<script type=\"application\/ld+json\" class=\"yoast-schema-graph\">{\"@context\":\"https:\/\/schema.org\",\"@graph\":[{\"@type\":\"WebPage\",\"@id\":\"https:\/\/www.openintl.com\/es\/politica-cookies\/\",\"url\":\"https:\/\/www.openintl.com\/es\/politica-cookies\/\",\"name\":\"Pol\u00edtica de cookies | Open Intelligence\",\"isPartOf\":{\"@id\":\"\/#website\"},\"datePublished\":\"2017-08-10T15:16:45+00:00\",\"dateModified\":\"2025-05-20T17:39:55+00:00\",\"breadcrumb\":{\"@id\":\"https:\/\/www.openintl.com\/es\/politica-cookies\/#breadcrumb\"},\"inLanguage\":\"es\",\"potentialAction\":[{\"@type\":\"ReadAction\",\"target\":[\"https:\/\/www.openintl.com\/es\/politica-cookies\/\"]}]},{\"@type\":\"BreadcrumbList\",\"@id\":\"https:\/\/www.openintl.com\/es\/politica-cookies\/#breadcrumb\",\"itemListElement\":[{\"@type\":\"ListItem\",\"position\":1,\"name\":\"Home\",\"item\":\"https:\/\/www.openintl.com\/es\/\"},{\"@type\":\"ListItem\",\"position\":2,\"name\":\"Pol\u00edtica de cookies\"}]},{\"@type\":\"WebSite\",\"@id\":\"\/#website\",\"url\":\"\/\",\"name\":\"Open Intelligence\",\"description\":\"Software for utility companies\",\"publisher\":{\"@id\":\"\/#organization\"},\"alternateName\":\"Open\",\"potentialAction\":[{\"@type\":\"SearchAction\",\"target\":{\"@type\":\"EntryPoint\",\"urlTemplate\":\"\/?s={search_term_string}\"},\"query-input\":{\"@type\":\"PropertyValueSpecification\",\"valueRequired\":true,\"valueName\":\"search_term_string\"}}],\"inLanguage\":\"es\"},{\"@type\":\"Organization\",\"@id\":\"\/#organization\",\"name\":\"Open Intelligence\",\"url\":\"\/\",\"logo\":{\"@type\":\"ImageObject\",\"inLanguage\":\"es\",\"@id\":\"\/#\/schema\/logo\/image\/\",\"url\":\"https:\/\/www.openintl.com\/wp-content\/uploads\/2022\/09\/cropped-color-open-intelligence-logo-1.png\",\"contentUrl\":\"https:\/\/www.openintl.com\/wp-content\/uploads\/2022\/09\/cropped-color-open-intelligence-logo-1.png\",\"width\":974,\"height\":378,\"caption\":\"Open Intelligence\"},\"image\":{\"@id\":\"\/#\/schema\/logo\/image\/\"},\"sameAs\":[\"https:\/\/www.facebook.com\/OpenSmartflex\/\",\"https:\/\/x.com\/opensmartflex\",\"https:\/\/www.linkedin.com\/company\/weareopenintelligence\",\"https:\/\/www.youtube.com\/channel\/UCHpHSdiqVTs0OvdEYJxCqiQ\"]}]}<\/script>\n<!-- \/ Yoast SEO Premium plugin. -->","yoast_head_json":{"title":"Pol\u00edtica de cookies | Open Intelligence","robots":{"index":"index","follow":"follow","max-snippet":"max-snippet:-1","max-image-preview":"max-image-preview:large","max-video-preview":"max-video-preview:-1"},"canonical":"https:\/\/www.openintl.com\/es\/politica-cookies\/","og_locale":"es_ES","og_type":"article","og_title":"Pol\u00edtica de cookies","og_url":"https:\/\/www.openintl.com\/es\/politica-cookies\/","og_site_name":"Open Intelligence","article_publisher":"https:\/\/www.facebook.com\/OpenSmartflex\/","article_modified_time":"2025-05-20T17:39:55+00:00","twitter_card":"summary_large_image","twitter_site":"@opensmartflex","twitter_misc":{"Tiempo de lectura":"5 minutos"},"schema":{"@context":"https:\/\/schema.org","@graph":[{"@type":"WebPage","@id":"https:\/\/www.openintl.com\/es\/politica-cookies\/","url":"https:\/\/www.openintl.com\/es\/politica-cookies\/","name":"Pol\u00edtica de cookies | Open Intelligence","isPartOf":{"@id":"\/#website"},"datePublished":"2017-08-10T15:16:45+00:00","dateModified":"2025-05-20T17:39:55+00:00","breadcrumb":{"@id":"https:\/\/www.openintl.com\/es\/politica-cookies\/#breadcrumb"},"inLanguage":"es","potentialAction":[{"@type":"ReadAction","target":["https:\/\/www.openintl.com\/es\/politica-cookies\/"]}]},{"@type":"BreadcrumbList","@id":"https:\/\/www.openintl.com\/es\/politica-cookies\/#breadcrumb","itemListElement":[{"@type":"ListItem","position":1,"name":"Home","item":"https:\/\/www.openintl.com\/es\/"},{"@type":"ListItem","position":2,"name":"Pol\u00edtica de cookies"}]},{"@type":"WebSite","@id":"\/#website","url":"\/","name":"Open Intelligence","description":"Software for utility companies","publisher":{"@id":"\/#organization"},"alternateName":"Open","potentialAction":[{"@type":"SearchAction","target":{"@type":"EntryPoint","urlTemplate":"\/?s={search_term_string}"},"query-input":{"@type":"PropertyValueSpecification","valueRequired":true,"valueName":"search_term_string"}}],"inLanguage":"es"},{"@type":"Organization","@id":"\/#organization","name":"Open Intelligence","url":"\/","logo":{"@type":"ImageObject","inLanguage":"es","@id":"\/#\/schema\/logo\/image\/","url":"https:\/\/www.openintl.com\/wp-content\/uploads\/2022\/09\/cropped-color-open-intelligence-logo-1.png","contentUrl":"https:\/\/www.openintl.com\/wp-content\/uploads\/2022\/09\/cropped-color-open-intelligence-logo-1.png","width":974,"height":378,"caption":"Open Intelligence"},"image":{"@id":"\/#\/schema\/logo\/image\/"},"sameAs":["https:\/\/www.facebook.com\/OpenSmartflex\/","https:\/\/x.com\/opensmartflex","https:\/\/www.linkedin.com\/company\/weareopenintelligence","https:\/\/www.youtube.com\/channel\/UCHpHSdiqVTs0OvdEYJxCqiQ"]}]}},"_links":{"self":[{"href":"https:\/\/www.openintl.com\/es\/wp-json\/wp\/v2\/pages\/6297","targetHints":{"allow":["GET"]}}],"collection":[{"href":"https:\/\/www.openintl.com\/es\/wp-json\/wp\/v2\/pages"}],"about":[{"href":"https:\/\/www.openintl.com\/es\/wp-json\/wp\/v2\/types\/page"}],"author":[{"embeddable":true,"href":"https:\/\/www.openintl.com\/es\/wp-json\/wp\/v2\/users\/9"}],"replies":[{"embeddable":true,"href":"https:\/\/www.openintl.com\/es\/wp-json\/wp\/v2\/comments?post=6297"}],"version-history":[{"count":2,"href":"https:\/\/www.openintl.com\/es\/wp-json\/wp\/v2\/pages\/6297\/revisions"}],"predecessor-version":[{"id":40618,"href":"https:\/\/www.openintl.com\/es\/wp-json\/wp\/v2\/pages\/6297\/revisions\/40618"}],"wp:attachment":[{"href":"https:\/\/www.openintl.com\/es\/wp-json\/wp\/v2\/media?parent=6297"}],"curies":[{"name":"wp","href":"https:\/\/api.w.org\/{rel}","templated":true}]}}