{"id":6353,"date":"2017-09-12T08:43:19","date_gmt":"2017-09-12T13:43:19","guid":{"rendered":"https:\/\/www.openintl.com\/ambienteWordpress\/?page_id=6353"},"modified":"2024-08-21T11:58:25","modified_gmt":"2024-08-21T16:58:25","slug":"chilquinta-energia","status":"publish","type":"page","link":"https:\/\/www.openintl.com\/es\/casos-de-exito\/chilquinta-energia\/","title":{"rendered":"Chilquinta Energ\u00eda"},"content":{"rendered":"\t\t<div data-elementor-type=\"wp-page\" data-elementor-id=\"6353\" class=\"elementor elementor-6353\" data-elementor-post-type=\"page\">\n\t\t\t\t<div class=\"has_eae_slider elementor-element elementor-element-09cd080 e-flex e-con-boxed e-con e-parent\" data-eae-slider=\"27355\" data-id=\"09cd080\" data-element_type=\"container\" data-settings=\"{&quot;background_background&quot;:&quot;classic&quot;}\">\n\t\t\t\t\t<div class=\"e-con-inner\">\n\t\t<div class=\"has_eae_slider elementor-element elementor-element-7efe975 e-con-full e-flex e-con e-child\" data-eae-slider=\"90805\" data-id=\"7efe975\" data-element_type=\"container\">\n\t\t<div class=\"has_eae_slider elementor-element elementor-element-b1be398 e-con-full e-flex e-con e-child\" data-eae-slider=\"82664\" data-id=\"b1be398\" data-element_type=\"container\">\n\t\t\t\t<div class=\"elementor-element elementor-element-b4206f5 elementor-widget elementor-widget-video\" data-id=\"b4206f5\" data-element_type=\"widget\" data-settings=\"{&quot;youtube_url&quot;:&quot;https:\\\/\\\/youtu.be\\\/mEeJZaTTNRk&quot;,&quot;video_type&quot;:&quot;youtube&quot;,&quot;controls&quot;:&quot;yes&quot;,&quot;ep_sticky_video&quot;:&quot;off&quot;}\" data-widget_type=\"video.default\">\n\t\t\t\t<div class=\"elementor-widget-container\">\n\t\t\t\t\t\t\t<div class=\"elementor-wrapper elementor-open-inline\">\n\t\t\t<div class=\"elementor-video\"><\/div>\t\t<\/div>\n\t\t\t\t\t\t<\/div>\n\t\t\t\t<\/div>\n\t\t\t\t<\/div>\n\t\t<div class=\"has_eae_slider elementor-element elementor-element-4ccde56 e-con-full e-flex e-con e-child\" data-eae-slider=\"58865\" data-id=\"4ccde56\" data-element_type=\"container\">\n\t\t\t\t<div class=\"elementor-element elementor-element-8c49548 elementor-widget elementor-widget-image\" data-id=\"8c49548\" data-element_type=\"widget\" data-widget_type=\"image.default\">\n\t\t\t\t<div class=\"elementor-widget-container\">\n\t\t\t\t\t\t\t\t\t\t\t\t\t\t\t<img fetchpriority=\"high\" decoding=\"async\" width=\"578\" height=\"144\" src=\"https:\/\/www.openintl.com\/wp-content\/uploads\/2020\/08\/logo_chilquinta.png\" class=\"attachment-large size-large wp-image-16468\" alt=\"\" srcset=\"https:\/\/www.openintl.com\/wp-content\/uploads\/2020\/08\/logo_chilquinta.png 578w, https:\/\/www.openintl.com\/wp-content\/uploads\/2020\/08\/logo_chilquinta-300x75.png 300w\" sizes=\"(max-width: 578px) 100vw, 578px\" \/>\t\t\t\t\t\t\t\t\t\t\t\t\t\t\t<\/div>\n\t\t\t\t<\/div>\n\t\t\t\t<div class=\"elementor-element elementor-element-a60350a elementor-widget-divider--view-line elementor-widget elementor-widget-divider\" data-id=\"a60350a\" data-element_type=\"widget\" data-widget_type=\"divider.default\">\n\t\t\t\t<div class=\"elementor-widget-container\">\n\t\t\t\t\t\t\t<div class=\"elementor-divider\">\n\t\t\t<span class=\"elementor-divider-separator\">\n\t\t\t\t\t\t<\/span>\n\t\t<\/div>\n\t\t\t\t\t\t<\/div>\n\t\t\t\t<\/div>\n\t\t\t\t<div class=\"elementor-element elementor-element-8ce9272 elementor-widget elementor-widget-text-editor\" data-id=\"8ce9272\" data-element_type=\"widget\" data-widget_type=\"text-editor.default\">\n\t\t\t\t<div class=\"elementor-widget-container\">\n\t\t\t\t\t\t\t\t\t<p>La soluci\u00f3n con el mejor factor Costo Beneficio<\/p>\t\t\t\t\t\t\t\t<\/div>\n\t\t\t\t<\/div>\n\t\t\t\t<\/div>\n\t\t\t\t<\/div>\n\t\t\t\t\t<\/div>\n\t\t\t\t<\/div>\n\t\t<div class=\"has_eae_slider elementor-element elementor-element-0cc661e e-con-full e-flex e-con e-parent\" data-eae-slider=\"46681\" data-id=\"0cc661e\" data-element_type=\"container\">\n\t\t\t\t<div class=\"elementor-element elementor-element-92e6536 elementor-widget elementor-widget-template\" data-id=\"92e6536\" data-element_type=\"widget\" data-widget_type=\"template.default\">\n\t\t\t\t<div class=\"elementor-widget-container\">\n\t\t\t\t\t\t\t<div class=\"elementor-template\">\n\t\t\t\t\t<div data-elementor-type=\"single-page\" data-elementor-id=\"36810\" class=\"elementor elementor-36810 elementor-37142\" data-elementor-post-type=\"elementor_library\">\n\t\t\t<div class=\"has_eae_slider elementor-element elementor-element-7822691 e-flex e-con-boxed e-con e-parent\" data-eae-slider=\"70375\" data-id=\"7822691\" data-element_type=\"container\">\n\t\t\t\t\t<div class=\"e-con-inner\">\n\t\t<div class=\"has_eae_slider elementor-element elementor-element-1a0513b e-con-full e-flex e-con e-child\" data-eae-slider=\"44022\" data-id=\"1a0513b\" data-element_type=\"container\" data-settings=\"{&quot;background_background&quot;:&quot;classic&quot;}\">\n\t\t\t\t<div class=\"elementor-element elementor-element-18e31af elementor-widget elementor-widget-heading\" data-id=\"18e31af\" data-element_type=\"widget\" data-widget_type=\"heading.default\">\n\t\t\t\t<div class=\"elementor-widget-container\">\n\t\t\t\t\t<h3 class=\"elementor-heading-title elementor-size-default\">Transforma tu negocio con una plataforma robusta y flexible dise\u00f1ada para tus necesidades, que te permite enfocarte en brindar servicios esenciales de energ\u00eda, gas o agua.<\/h3>\t\t\t\t<\/div>\n\t\t\t\t<\/div>\n\t\t\t\t<div class=\"elementor-element elementor-element-f3a2c5f elementor-align-center elementor-invisible elementor-widget elementor-widget-button\" data-id=\"f3a2c5f\" data-element_type=\"widget\" data-settings=\"{&quot;_animation&quot;:&quot;pulse&quot;}\" data-widget_type=\"button.default\">\n\t\t\t\t<div class=\"elementor-widget-container\">\n\t\t\t\t\t\t\t\t\t<div class=\"elementor-button-wrapper\">\n\t\t\t\t\t<a class=\"elementor-button elementor-button-link elementor-size-sm\" href=\"https:\/\/app.openintl.com\/es\/demo\">\n\t\t\t\t\t\t<span class=\"elementor-button-content-wrapper\">\n\t\t\t\t\t\t\t\t\t<span class=\"elementor-button-text\">VER DEMO<\/span>\n\t\t\t\t\t<\/span>\n\t\t\t\t\t<\/a>\n\t\t\t\t<\/div>\n\t\t\t\t\t\t\t\t<\/div>\n\t\t\t\t<\/div>\n\t\t\t\t<\/div>\n\t\t\t\t\t<\/div>\n\t\t\t\t<\/div>\n\t\t\t\t<\/div>\n\t\t\t\t<\/div>\n\t\t\t\t\t\t<\/div>\n\t\t\t\t<\/div>\n\t\t\t\t<\/div>\n\t\t\t\t<\/div>\n\t\t","protected":false},"excerpt":{"rendered":"","protected":false},"author":9,"featured_media":0,"parent":4653,"menu_order":0,"comment_status":"closed","ping_status":"closed","template":"","meta":{"_acf_changed":false,"footnotes":""},"class_list":["post-6353","page","type-page","status-publish"],"acf":[],"yoast_head":"<!-- This site is optimized with the Yoast SEO Premium plugin v23.4 (Yoast SEO v26.7) - https:\/\/yoast.com\/wordpress\/plugins\/seo\/ -->\n<title>Chilquinta Energ\u00eda - Caso de \u00e9xito | Smartflex<\/title>\n<meta name=\"description\" content=\"Para Chilquinta Energ\u00eda la facilidad para hacer desarrollos futuros sobre frameworks, es un gran diferenciador de Smartflex.\" \/>\n<meta name=\"robots\" content=\"index, follow, max-snippet:-1, max-image-preview:large, max-video-preview:-1\" \/>\n<link rel=\"canonical\" href=\"https:\/\/www.openintl.com\/es\/casos-de-exito\/chilquinta-energia\/\" \/>\n<meta property=\"og:locale\" content=\"es_ES\" \/>\n<meta property=\"og:type\" content=\"article\" \/>\n<meta property=\"og:title\" content=\"Chilquinta Energ\u00eda\" \/>\n<meta property=\"og:description\" content=\"Para Chilquinta Energ\u00eda la facilidad para hacer desarrollos futuros sobre frameworks, es un gran diferenciador de Smartflex.\" \/>\n<meta property=\"og:url\" content=\"https:\/\/www.openintl.com\/es\/casos-de-exito\/chilquinta-energia\/\" \/>\n<meta property=\"og:site_name\" content=\"Open Intelligence\" \/>\n<meta property=\"article:publisher\" content=\"https:\/\/www.facebook.com\/OpenSmartflex\/\" \/>\n<meta property=\"article:modified_time\" content=\"2024-08-21T16:58:25+00:00\" \/>\n<meta property=\"og:image\" content=\"https:\/\/www.openintl.com\/wp-content\/uploads\/2020\/08\/logo_chilquinta.png\" \/>\n<meta name=\"twitter:card\" content=\"summary_large_image\" \/>\n<meta name=\"twitter:site\" content=\"@opensmartflex\" \/>\n<meta name=\"twitter:label1\" content=\"Tiempo de lectura\" \/>\n\t<meta name=\"twitter:data1\" content=\"1 minuto\" \/>\n<script type=\"application\/ld+json\" class=\"yoast-schema-graph\">{\"@context\":\"https:\/\/schema.org\",\"@graph\":[{\"@type\":\"WebPage\",\"@id\":\"https:\/\/www.openintl.com\/es\/casos-de-exito\/chilquinta-energia\/\",\"url\":\"https:\/\/www.openintl.com\/es\/casos-de-exito\/chilquinta-energia\/\",\"name\":\"Chilquinta Energ\u00eda - Caso de \u00e9xito | Smartflex\",\"isPartOf\":{\"@id\":\"\/#website\"},\"primaryImageOfPage\":{\"@id\":\"https:\/\/www.openintl.com\/es\/casos-de-exito\/chilquinta-energia\/#primaryimage\"},\"image\":{\"@id\":\"https:\/\/www.openintl.com\/es\/casos-de-exito\/chilquinta-energia\/#primaryimage\"},\"thumbnailUrl\":\"https:\/\/www.openintl.com\/wp-content\/uploads\/2020\/08\/logo_chilquinta.png\",\"datePublished\":\"2017-09-12T13:43:19+00:00\",\"dateModified\":\"2024-08-21T16:58:25+00:00\",\"description\":\"Para Chilquinta Energ\u00eda la facilidad para hacer desarrollos futuros sobre frameworks, es un gran diferenciador de Smartflex.\",\"breadcrumb\":{\"@id\":\"https:\/\/www.openintl.com\/es\/casos-de-exito\/chilquinta-energia\/#breadcrumb\"},\"inLanguage\":\"es\",\"potentialAction\":[{\"@type\":\"ReadAction\",\"target\":[\"https:\/\/www.openintl.com\/es\/casos-de-exito\/chilquinta-energia\/\"]}]},{\"@type\":\"ImageObject\",\"inLanguage\":\"es\",\"@id\":\"https:\/\/www.openintl.com\/es\/casos-de-exito\/chilquinta-energia\/#primaryimage\",\"url\":\"https:\/\/www.openintl.com\/wp-content\/uploads\/2020\/08\/logo_chilquinta.png\",\"contentUrl\":\"https:\/\/www.openintl.com\/wp-content\/uploads\/2020\/08\/logo_chilquinta.png\"},{\"@type\":\"BreadcrumbList\",\"@id\":\"https:\/\/www.openintl.com\/es\/casos-de-exito\/chilquinta-energia\/#breadcrumb\",\"itemListElement\":[{\"@type\":\"ListItem\",\"position\":1,\"name\":\"Home\",\"item\":\"https:\/\/www.openintl.com\/es\/\"},{\"@type\":\"ListItem\",\"position\":2,\"name\":\"Casos de \u00c9xito\",\"item\":\"https:\/\/www.openintl.com\/es\/casos-de-exito\/\"},{\"@type\":\"ListItem\",\"position\":3,\"name\":\"Chilquinta Energ\u00eda\"}]},{\"@type\":\"WebSite\",\"@id\":\"\/#website\",\"url\":\"\/\",\"name\":\"Open Intelligence\",\"description\":\"Software for utility companies\",\"publisher\":{\"@id\":\"\/#organization\"},\"alternateName\":\"Open\",\"potentialAction\":[{\"@type\":\"SearchAction\",\"target\":{\"@type\":\"EntryPoint\",\"urlTemplate\":\"\/?s={search_term_string}\"},\"query-input\":{\"@type\":\"PropertyValueSpecification\",\"valueRequired\":true,\"valueName\":\"search_term_string\"}}],\"inLanguage\":\"es\"},{\"@type\":\"Organization\",\"@id\":\"\/#organization\",\"name\":\"Open Intelligence\",\"url\":\"\/\",\"logo\":{\"@type\":\"ImageObject\",\"inLanguage\":\"es\",\"@id\":\"\/#\/schema\/logo\/image\/\",\"url\":\"https:\/\/www.openintl.com\/wp-content\/uploads\/2022\/09\/cropped-color-open-intelligence-logo-1.png\",\"contentUrl\":\"https:\/\/www.openintl.com\/wp-content\/uploads\/2022\/09\/cropped-color-open-intelligence-logo-1.png\",\"width\":974,\"height\":378,\"caption\":\"Open Intelligence\"},\"image\":{\"@id\":\"\/#\/schema\/logo\/image\/\"},\"sameAs\":[\"https:\/\/www.facebook.com\/OpenSmartflex\/\",\"https:\/\/x.com\/opensmartflex\",\"https:\/\/www.linkedin.com\/company\/weareopenintelligence\",\"https:\/\/www.youtube.com\/channel\/UCHpHSdiqVTs0OvdEYJxCqiQ\"]}]}<\/script>\n<!-- \/ Yoast SEO Premium plugin. -->","yoast_head_json":{"title":"Chilquinta Energ\u00eda - Caso de \u00e9xito | Smartflex","description":"Para Chilquinta Energ\u00eda la facilidad para hacer desarrollos futuros sobre frameworks, es un gran diferenciador de Smartflex.","robots":{"index":"index","follow":"follow","max-snippet":"max-snippet:-1","max-image-preview":"max-image-preview:large","max-video-preview":"max-video-preview:-1"},"canonical":"https:\/\/www.openintl.com\/es\/casos-de-exito\/chilquinta-energia\/","og_locale":"es_ES","og_type":"article","og_title":"Chilquinta Energ\u00eda","og_description":"Para Chilquinta Energ\u00eda la facilidad para hacer desarrollos futuros sobre frameworks, es un gran diferenciador de Smartflex.","og_url":"https:\/\/www.openintl.com\/es\/casos-de-exito\/chilquinta-energia\/","og_site_name":"Open Intelligence","article_publisher":"https:\/\/www.facebook.com\/OpenSmartflex\/","article_modified_time":"2024-08-21T16:58:25+00:00","og_image":[{"url":"https:\/\/www.openintl.com\/wp-content\/uploads\/2020\/08\/logo_chilquinta.png","type":"","width":"","height":""}],"twitter_card":"summary_large_image","twitter_site":"@opensmartflex","twitter_misc":{"Tiempo de lectura":"1 minuto"},"schema":{"@context":"https:\/\/schema.org","@graph":[{"@type":"WebPage","@id":"https:\/\/www.openintl.com\/es\/casos-de-exito\/chilquinta-energia\/","url":"https:\/\/www.openintl.com\/es\/casos-de-exito\/chilquinta-energia\/","name":"Chilquinta Energ\u00eda - Caso de \u00e9xito | Smartflex","isPartOf":{"@id":"\/#website"},"primaryImageOfPage":{"@id":"https:\/\/www.openintl.com\/es\/casos-de-exito\/chilquinta-energia\/#primaryimage"},"image":{"@id":"https:\/\/www.openintl.com\/es\/casos-de-exito\/chilquinta-energia\/#primaryimage"},"thumbnailUrl":"https:\/\/www.openintl.com\/wp-content\/uploads\/2020\/08\/logo_chilquinta.png","datePublished":"2017-09-12T13:43:19+00:00","dateModified":"2024-08-21T16:58:25+00:00","description":"Para Chilquinta Energ\u00eda la facilidad para hacer desarrollos futuros sobre frameworks, es un gran diferenciador de Smartflex.","breadcrumb":{"@id":"https:\/\/www.openintl.com\/es\/casos-de-exito\/chilquinta-energia\/#breadcrumb"},"inLanguage":"es","potentialAction":[{"@type":"ReadAction","target":["https:\/\/www.openintl.com\/es\/casos-de-exito\/chilquinta-energia\/"]}]},{"@type":"ImageObject","inLanguage":"es","@id":"https:\/\/www.openintl.com\/es\/casos-de-exito\/chilquinta-energia\/#primaryimage","url":"https:\/\/www.openintl.com\/wp-content\/uploads\/2020\/08\/logo_chilquinta.png","contentUrl":"https:\/\/www.openintl.com\/wp-content\/uploads\/2020\/08\/logo_chilquinta.png"},{"@type":"BreadcrumbList","@id":"https:\/\/www.openintl.com\/es\/casos-de-exito\/chilquinta-energia\/#breadcrumb","itemListElement":[{"@type":"ListItem","position":1,"name":"Home","item":"https:\/\/www.openintl.com\/es\/"},{"@type":"ListItem","position":2,"name":"Casos de \u00c9xito","item":"https:\/\/www.openintl.com\/es\/casos-de-exito\/"},{"@type":"ListItem","position":3,"name":"Chilquinta Energ\u00eda"}]},{"@type":"WebSite","@id":"\/#website","url":"\/","name":"Open Intelligence","description":"Software for utility companies","publisher":{"@id":"\/#organization"},"alternateName":"Open","potentialAction":[{"@type":"SearchAction","target":{"@type":"EntryPoint","urlTemplate":"\/?s={search_term_string}"},"query-input":{"@type":"PropertyValueSpecification","valueRequired":true,"valueName":"search_term_string"}}],"inLanguage":"es"},{"@type":"Organization","@id":"\/#organization","name":"Open Intelligence","url":"\/","logo":{"@type":"ImageObject","inLanguage":"es","@id":"\/#\/schema\/logo\/image\/","url":"https:\/\/www.openintl.com\/wp-content\/uploads\/2022\/09\/cropped-color-open-intelligence-logo-1.png","contentUrl":"https:\/\/www.openintl.com\/wp-content\/uploads\/2022\/09\/cropped-color-open-intelligence-logo-1.png","width":974,"height":378,"caption":"Open Intelligence"},"image":{"@id":"\/#\/schema\/logo\/image\/"},"sameAs":["https:\/\/www.facebook.com\/OpenSmartflex\/","https:\/\/x.com\/opensmartflex","https:\/\/www.linkedin.com\/company\/weareopenintelligence","https:\/\/www.youtube.com\/channel\/UCHpHSdiqVTs0OvdEYJxCqiQ"]}]}},"_links":{"self":[{"href":"https:\/\/www.openintl.com\/es\/wp-json\/wp\/v2\/pages\/6353","targetHints":{"allow":["GET"]}}],"collection":[{"href":"https:\/\/www.openintl.com\/es\/wp-json\/wp\/v2\/pages"}],"about":[{"href":"https:\/\/www.openintl.com\/es\/wp-json\/wp\/v2\/types\/page"}],"author":[{"embeddable":true,"href":"https:\/\/www.openintl.com\/es\/wp-json\/wp\/v2\/users\/9"}],"replies":[{"embeddable":true,"href":"https:\/\/www.openintl.com\/es\/wp-json\/wp\/v2\/comments?post=6353"}],"version-history":[{"count":2,"href":"https:\/\/www.openintl.com\/es\/wp-json\/wp\/v2\/pages\/6353\/revisions"}],"predecessor-version":[{"id":37744,"href":"https:\/\/www.openintl.com\/es\/wp-json\/wp\/v2\/pages\/6353\/revisions\/37744"}],"up":[{"embeddable":true,"href":"https:\/\/www.openintl.com\/es\/wp-json\/wp\/v2\/pages\/4653"}],"wp:attachment":[{"href":"https:\/\/www.openintl.com\/es\/wp-json\/wp\/v2\/media?parent=6353"}],"curies":[{"name":"wp","href":"https:\/\/api.w.org\/{rel}","templated":true}]}}